{"id":104,"date":"2015-07-30T01:17:19","date_gmt":"2015-07-30T01:17:19","guid":{"rendered":"http:\/\/demo.thimpress.com\/fastex\/?page_id=104"},"modified":"2026-01-29T16:22:58","modified_gmt":"2026-01-29T14:22:58","slug":"about-us","status":"publish","type":"page","link":"https:\/\/topexpert.ro\/de_DE\/about-us\/","title":{"rendered":"\u00dcber uns"},"content":{"rendered":"<div class=\"vc_row wpb_row vc_row-fluid vc_custom_1439519479371\"><div class=\"wpb_column vc_column_container vc_col-sm-6 vc_custom_1439008710439\"><div class=\"wpb_wrapper\">\n\t<div class=\"wpb_single_image wpb_content_element vc_align_center  wpb_animate_when_almost_visible wpb_left-to-right\">\n\t\t<div class=\"wpb_wrapper\">\n\t\t\t\n\t\t\t<div class=\"vc_single_image-wrapper   vc_box_border_grey\"><img width=\"800\" height=\"582\" src=\"https:\/\/topexpert.ro\/wp-content\/uploads\/2015\/07\/thor_wii_pack-front.jpg\" class=\"vc_single_image-img attachment-full\" alt=\"\" loading=\"lazy\" srcset=\"https:\/\/topexpert.ro\/wp-content\/uploads\/2015\/07\/thor_wii_pack-front.jpg 800w, https:\/\/topexpert.ro\/wp-content\/uploads\/2015\/07\/thor_wii_pack-front-300x218.jpg 300w, https:\/\/topexpert.ro\/wp-content\/uploads\/2015\/07\/thor_wii_pack-front-768x559.jpg 768w, https:\/\/topexpert.ro\/wp-content\/uploads\/2015\/07\/thor_wii_pack-front-75x55.jpg 75w\" sizes=\"(max-width: 800px) 100vw, 800px\" \/><\/div>\n\t\t<\/div>\n\t<\/div>\n\n\t<div class=\"wpb_single_image wpb_content_element vc_align_left  vc_custom_1457636883282\">\n\t\t<div class=\"wpb_wrapper\">\n\t\t\t\n\t\t\t<div class=\"vc_single_image-wrapper   vc_box_border_grey\"><img width=\"640\" height=\"503\" src=\"https:\/\/topexpert.ro\/wp-content\/uploads\/2015\/07\/despre_noi-1-1024x805.jpg\" class=\"vc_single_image-img attachment-large\" alt=\"\" loading=\"lazy\" srcset=\"https:\/\/topexpert.ro\/wp-content\/uploads\/2015\/07\/despre_noi-1-1024x805.jpg 1024w, https:\/\/topexpert.ro\/wp-content\/uploads\/2015\/07\/despre_noi-1-300x236.jpg 300w, https:\/\/topexpert.ro\/wp-content\/uploads\/2015\/07\/despre_noi-1-768x603.jpg 768w\" sizes=\"(max-width: 640px) 100vw, 640px\" \/><\/div>\n\t\t<\/div>\n\t<\/div>\n<\/div><\/div><div class=\"wpb_column vc_column_container vc_col-sm-6 vc_custom_1439008727207\"><div class=\"wpb_wrapper\"><div class=\"heading  \" >\n\t\t\t<h2 >DIN 2003<\/h2>\n\t\t\t<div  style=\"display: block; \"><div class=\"line\" ><\/div><\/div>\n\t\t\t\n\t\t\t\n\t\t<\/div>\n\t<div class=\"wpb_text_column wpb_content_element  wpb_animate_when_almost_visible wpb_right-to-left\">\n\t\t<div class=\"wpb_wrapper\">\n\t\t\t<p>Seit 14 Jahren aktiv auf dem rum\u00e4nischen Markt bietet das Unternehmen Top Expert nationale und internationale Warenspedition, Logistikdienstleistungen und Zollf\u00f6rmlichkeiten f\u00fcr Export\/Import, inklusive die Abgabe der Intrastat-Meldungen an.<\/p>\n<p>AKTIVER MARKTSPIELER UND ANBIETER VON LOGISTIK UND WARENTRANSPORT F\u00dcR SIE UND IHRE KUNDEN IM INLAND UND WELTWEIT<br \/>\nSt\u00e4rken<br \/>\n\u2022 Fachexpertise und \u2013Information (Know-How), angesammelt seit 14 Jahren<br \/>\nT\u00e4tigkeitsbereich<br \/>\nWir sorgen f\u00fcr den Ablauf der Transport- und Logistikaktivit\u00e4t zahlreicher Kunden aus diversen Wirtschaftsbereichen:<br \/>\n\u2022 IT&amp;C, Elektronik, Elektroausger\u00e4te<br \/>\n\u2022 Baumaterialen, Innenausstattung<br \/>\n\u2022 Keramik und Sanit\u00e4reinrichtungen<br \/>\n\u2022 Holz, M\u00f6bel und Zubeh\u00f6r<br \/>\n\u2022 Werkzeuge, Industrieanlagen, Ausr\u00fcstungen, Maschinen<br \/>\n\u2022 Medizin, Pharma, etc.<br \/>\nSeit 2003, dem Jahr unserer Gr\u00fcndung, haben wir st\u00e4ndig in die Diversifizierung unserer Dienstleistungen und in deren Optimierung, je nach Kundenbelangen investiert.<br \/>\nUnternehmensmission besteht darin, f\u00fcr die ganze Laufzeit unseren Kunden optimale Transport- und Logistikl\u00f6sungen bei hohen Qualit\u00e4ts- und Pr\u00e4zisionsstandarden anzubieten.<br \/>\nUnsere Vision: Wir m\u00f6chten einer der wichtigsten Logistiker in Rum\u00e4nien werden und weltweit ein Logistiknetz entwickeln.<br \/>\nUnsere Vorteile f\u00fcr die Verwirklichung dieses Vorhabens sind die st\u00e4ndigen Investitionen in hochwertige Dienstleistungen, Ernsthaftigkeit, die wir in unsere Partnerschaften einsetzen, Flexibilit\u00e4t beim Umgang mit Projekten entsprechend den Kundenbelangen.<br \/>\nUnsere Werte. Die Werte, die unsere allt\u00e4gliche T\u00e4tigkeit pr\u00e4gen, sind Leistungsf\u00e4higkeit, Integrit\u00e4t und Professionalismus.<br \/>\nUnsere Zertifizierungen. Unsere Qualit\u00e4tsnormen f\u00fcr die tagt\u00e4gliche Arbeit sind durch das von uns entwickelte und umgesetzte Qualit\u00e4tsmanagementsystem \u2013 ISO 9001:2000 dokumentiert.<br \/>\nDar\u00fcber hinaus, ist Firma Top Expert Mitglied der Industrie- und Handelskammer Rum\u00e4niens, des Verbandes der Speditionsunternehmen in Rum\u00e4nien und ist von der Rum\u00e4nischen Stra\u00dfenverkehrsbeh\u00f6rde (Autoritatea Rutiera Romana) zugelassen.<br \/>\nUnser Team. Der Wert unseres Unternehmens besteht erstens in der Qualit\u00e4t seines Teams. Wir kennen uns perfekt in diesem T\u00e4tigkeitsbereich aus. Wir sind st\u00e4ndig bem\u00fcht, zwecks Erh\u00f6hung der Dienstleistungsqualit\u00e4t unsere Mitarbeiter aus- und fortzubilden.<\/p>\n\n\t\t<\/div>\n\t<\/div>\n<\/div><\/div><\/div><div data-vc-full-width=\"true\" data-vc-full-width-init=\"false\" data-vc-stretch-content=\"true\" data-vc-parallax=\"1.5\" data-vc-parallax-o-fade=\"on\" data-vc-parallax-image=\"\" class=\"vc_row wpb_row vc_row-fluid vc_custom_1439902393916 vc_row-no-padding vc_general vc_parallax vc_parallax-content-moving-fade js-vc_parallax-o-fade\"><div class=\"wpb_column vc_column_container vc_col-sm-2\"><div class=\"wpb_wrapper\"><\/div><\/div><div class=\"wpb_column vc_column_container vc_col-sm-2\"><div class=\"wpb_wrapper\"><div class=\"circle circle1\" style = background-color:#006fb2; >\n\t\t\t<div class=\"content\">\n\t\t\t\t<div class=\"number\" style = color:#ddea2e; ><span class=\"counter-up\" data-number=\"9001\">0<\/span><\/div>\n\t\t\t\t<div class=\"text\" style = color:#ffffff; >Zertifizierungen 9001:2000<\/div>\n\t\t\t<\/div>\n\t\t<\/div><\/div><\/div><div class=\"wpb_column vc_column_container vc_col-sm-2 vc_custom_1457904576439\"><div class=\"wpb_wrapper\"><div class=\"circle circle2\" style = background-color:#006fb2; >\n\t\t\t<div class=\"content\">\n\t\t\t\t<div class=\"number\" style = color:#ddea2e; ><span class=\"counter-up\" data-number=\"1523\">0<\/span><\/div>\n\t\t\t\t<div class=\"text\" style = color:#ffffff; >Zufriedene Kunden<\/div>\n\t\t\t<\/div>\n\t\t<\/div><\/div><\/div><div class=\"wpb_column vc_column_container vc_col-sm-2\"><div class=\"wpb_wrapper\"><div class=\"circle circle3\" style = background-color:#006fb2; >\n\t\t\t<div class=\"content\">\n\t\t\t\t<div class=\"number\" style = color:#ddea2e; ><span class=\"counter-up\" data-number=\"14\">0<\/span><\/div>\n\t\t\t\t<div class=\"text\" style = color:#ffffff; >Jahre Erfahrung<\/div>\n\t\t\t<\/div>\n\t\t<\/div><\/div><\/div><\/div><div class=\"vc_row-full-width\"><\/div><div class=\"vc_row wpb_row vc_row-fluid vc_custom_1439629395368\"><div class=\"wpb_column vc_column_container vc_col-sm-12\"><div class=\"wpb_wrapper\"><div class=\"heading  \" >\n\t\t\t<h2 >COLEGII NOSTRI<\/h2>\n\t\t\t<div  style=\"display: block; \"><div class=\"line\" ><\/div><\/div>\n\t\t\t\n\t\t\t\n\t\t<\/div><div class=\"vc_row wpb_row vc_inner vc_row-fluid vc_custom_1439629402862\"><div class=\"wrapper-lists-our-team  wpb_animate_when_almost_visible wpb_appear \"><ul><li class=\"col-sm-3\"><div class=\"content-list-our-team\"><div class=\"our-team-image\"><div class=\"wrap-image bg-color-primary\"><img width=\"1600\" height=\"1200\" src=\"https:\/\/topexpert.ro\/wp-content\/uploads\/revslider\/home-01\/demo_image.jpg\" class=\"attachment-our_team size-our_team\" alt=\"Michel Black\" loading=\"lazy\" title=\"Michel Black\" srcset=\"https:\/\/topexpert.ro\/wp-content\/uploads\/revslider\/home-01\/demo_image.jpg 1600w, https:\/\/topexpert.ro\/wp-content\/uploads\/revslider\/home-01\/demo_image-300x225.jpg 300w, https:\/\/topexpert.ro\/wp-content\/uploads\/revslider\/home-01\/demo_image-768x576.jpg 768w, https:\/\/topexpert.ro\/wp-content\/uploads\/revslider\/home-01\/demo_image-1024x768.jpg 1024w, https:\/\/topexpert.ro\/wp-content\/uploads\/revslider\/home-01\/demo_image-75x56.jpg 75w\" sizes=\"(max-width: 1600px) 100vw, 1600px\" \/><\/div><\/div><div class=\"content-team\">\n\t\t\t\t\t\t\t\t<h4>Michel Black<\/h4><div class = \"regency\">CEO<\/div><\/a><\/div><div class=\"clear\"><\/div><\/div><\/li><li class=\"col-sm-3\"><div class=\"content-list-our-team\"><div class=\"our-team-image\"><div class=\"wrap-image bg-color-primary\"><img width=\"1600\" height=\"1200\" src=\"https:\/\/topexpert.ro\/wp-content\/uploads\/revslider\/home-01\/demo_image.jpg\" class=\"attachment-our_team size-our_team\" alt=\"David Moyer\" loading=\"lazy\" title=\"David Moyer\" srcset=\"https:\/\/topexpert.ro\/wp-content\/uploads\/revslider\/home-01\/demo_image.jpg 1600w, https:\/\/topexpert.ro\/wp-content\/uploads\/revslider\/home-01\/demo_image-300x225.jpg 300w, https:\/\/topexpert.ro\/wp-content\/uploads\/revslider\/home-01\/demo_image-768x576.jpg 768w, https:\/\/topexpert.ro\/wp-content\/uploads\/revslider\/home-01\/demo_image-1024x768.jpg 1024w, https:\/\/topexpert.ro\/wp-content\/uploads\/revslider\/home-01\/demo_image-75x56.jpg 75w\" sizes=\"(max-width: 1600px) 100vw, 1600px\" \/><\/div><\/div><div class=\"content-team\">\n\t\t\t\t\t\t\t\t<h4>David Moyer<\/h4><div class = \"regency\">COO & Consultant<\/div><\/a><\/div><div class=\"clear\"><\/div><\/div><\/li><li class=\"col-sm-3\"><div class=\"content-list-our-team\"><div class=\"our-team-image\"><div class=\"wrap-image bg-color-primary\"><img width=\"1600\" height=\"1200\" src=\"https:\/\/topexpert.ro\/wp-content\/uploads\/revslider\/home-01\/demo_image.jpg\" class=\"attachment-our_team size-our_team\" alt=\"Penadol Torret\" loading=\"lazy\" title=\"Penadol Torret\" srcset=\"https:\/\/topexpert.ro\/wp-content\/uploads\/revslider\/home-01\/demo_image.jpg 1600w, https:\/\/topexpert.ro\/wp-content\/uploads\/revslider\/home-01\/demo_image-300x225.jpg 300w, https:\/\/topexpert.ro\/wp-content\/uploads\/revslider\/home-01\/demo_image-768x576.jpg 768w, https:\/\/topexpert.ro\/wp-content\/uploads\/revslider\/home-01\/demo_image-1024x768.jpg 1024w, https:\/\/topexpert.ro\/wp-content\/uploads\/revslider\/home-01\/demo_image-75x56.jpg 75w\" sizes=\"(max-width: 1600px) 100vw, 1600px\" \/><\/div><\/div><div class=\"content-team\">\n\t\t\t\t\t\t\t\t<h4>Penadol Torret<\/h4><div class = \"regency\">CTO<\/div><\/a><\/div><div class=\"clear\"><\/div><\/div><\/li><li class=\"col-sm-3\"><div class=\"content-list-our-team\"><div class=\"our-team-image\"><div class=\"wrap-image bg-color-primary\"><img width=\"1600\" height=\"1200\" src=\"https:\/\/topexpert.ro\/wp-content\/uploads\/revslider\/home-01\/demo_image.jpg\" class=\"attachment-our_team size-our_team\" alt=\"Tammy Daniel\" loading=\"lazy\" title=\"Tammy Daniel\" srcset=\"https:\/\/topexpert.ro\/wp-content\/uploads\/revslider\/home-01\/demo_image.jpg 1600w, https:\/\/topexpert.ro\/wp-content\/uploads\/revslider\/home-01\/demo_image-300x225.jpg 300w, https:\/\/topexpert.ro\/wp-content\/uploads\/revslider\/home-01\/demo_image-768x576.jpg 768w, https:\/\/topexpert.ro\/wp-content\/uploads\/revslider\/home-01\/demo_image-1024x768.jpg 1024w, https:\/\/topexpert.ro\/wp-content\/uploads\/revslider\/home-01\/demo_image-75x56.jpg 75w\" sizes=\"(max-width: 1600px) 100vw, 1600px\" \/><\/div><\/div><div class=\"content-team\">\n\t\t\t\t\t\t\t\t<h4>Tammy Daniel<\/h4><div class = \"regency\">Photographer<\/div><\/a><\/div><div class=\"clear\"><\/div><\/div><\/li><li class=\"col-sm-3\"><div class=\"content-list-our-team\"><div class=\"our-team-image\"><div class=\"wrap-image bg-color-primary\"><img width=\"1600\" height=\"1200\" src=\"https:\/\/topexpert.ro\/wp-content\/uploads\/revslider\/home-01\/demo_image.jpg\" class=\"attachment-our_team size-our_team\" alt=\"Andrew Paul\" loading=\"lazy\" title=\"Andrew Paul\" srcset=\"https:\/\/topexpert.ro\/wp-content\/uploads\/revslider\/home-01\/demo_image.jpg 1600w, https:\/\/topexpert.ro\/wp-content\/uploads\/revslider\/home-01\/demo_image-300x225.jpg 300w, https:\/\/topexpert.ro\/wp-content\/uploads\/revslider\/home-01\/demo_image-768x576.jpg 768w, https:\/\/topexpert.ro\/wp-content\/uploads\/revslider\/home-01\/demo_image-1024x768.jpg 1024w, https:\/\/topexpert.ro\/wp-content\/uploads\/revslider\/home-01\/demo_image-75x56.jpg 75w\" sizes=\"(max-width: 1600px) 100vw, 1600px\" \/><\/div><\/div><div class=\"content-team\">\n\t\t\t\t\t\t\t\t<h4>Andrew Paul<\/h4><div class = \"regency\">HR Manager<\/div><\/a><\/div><div class=\"clear\"><\/div><\/div><\/li><li class=\"col-sm-3\"><div class=\"content-list-our-team\"><div class=\"our-team-image\"><div class=\"wrap-image bg-color-primary\"><img width=\"1600\" height=\"1200\" src=\"https:\/\/topexpert.ro\/wp-content\/uploads\/revslider\/home-01\/demo_image.jpg\" class=\"attachment-our_team size-our_team\" alt=\"Linda Sara\" loading=\"lazy\" title=\"Linda Sara\" srcset=\"https:\/\/topexpert.ro\/wp-content\/uploads\/revslider\/home-01\/demo_image.jpg 1600w, https:\/\/topexpert.ro\/wp-content\/uploads\/revslider\/home-01\/demo_image-300x225.jpg 300w, https:\/\/topexpert.ro\/wp-content\/uploads\/revslider\/home-01\/demo_image-768x576.jpg 768w, https:\/\/topexpert.ro\/wp-content\/uploads\/revslider\/home-01\/demo_image-1024x768.jpg 1024w, https:\/\/topexpert.ro\/wp-content\/uploads\/revslider\/home-01\/demo_image-75x56.jpg 75w\" sizes=\"(max-width: 1600px) 100vw, 1600px\" \/><\/div><\/div><div class=\"content-team\">\n\t\t\t\t\t\t\t\t<h4>Linda Sara<\/h4><div class = \"regency\">Board Member<\/div><\/a><\/div><div class=\"clear\"><\/div><\/div><\/li><li class=\"col-sm-3\"><div class=\"content-list-our-team\"><div class=\"our-team-image\"><div class=\"wrap-image bg-color-primary\"><img width=\"1600\" height=\"1200\" src=\"https:\/\/topexpert.ro\/wp-content\/uploads\/revslider\/home-01\/demo_image.jpg\" class=\"attachment-our_team size-our_team\" alt=\"Michen Weang\" loading=\"lazy\" title=\"Michen Weang\" srcset=\"https:\/\/topexpert.ro\/wp-content\/uploads\/revslider\/home-01\/demo_image.jpg 1600w, https:\/\/topexpert.ro\/wp-content\/uploads\/revslider\/home-01\/demo_image-300x225.jpg 300w, https:\/\/topexpert.ro\/wp-content\/uploads\/revslider\/home-01\/demo_image-768x576.jpg 768w, https:\/\/topexpert.ro\/wp-content\/uploads\/revslider\/home-01\/demo_image-1024x768.jpg 1024w, https:\/\/topexpert.ro\/wp-content\/uploads\/revslider\/home-01\/demo_image-75x56.jpg 75w\" sizes=\"(max-width: 1600px) 100vw, 1600px\" \/><\/div><\/div><div class=\"content-team\">\n\t\t\t\t\t\t\t\t<h4>Michen Weang<\/h4><div class = \"regency\">Sales Manager<\/div><\/a><\/div><div class=\"clear\"><\/div><\/div><\/li><li class=\"col-sm-3\"><div class=\"content-list-our-team\"><div class=\"our-team-image\"><div class=\"wrap-image bg-color-primary\"><img width=\"1600\" height=\"1200\" src=\"https:\/\/topexpert.ro\/wp-content\/uploads\/revslider\/home-01\/demo_image.jpg\" class=\"attachment-our_team size-our_team\" alt=\"Tammy Daniel\" loading=\"lazy\" title=\"Tammy Daniel\" srcset=\"https:\/\/topexpert.ro\/wp-content\/uploads\/revslider\/home-01\/demo_image.jpg 1600w, https:\/\/topexpert.ro\/wp-content\/uploads\/revslider\/home-01\/demo_image-300x225.jpg 300w, https:\/\/topexpert.ro\/wp-content\/uploads\/revslider\/home-01\/demo_image-768x576.jpg 768w, https:\/\/topexpert.ro\/wp-content\/uploads\/revslider\/home-01\/demo_image-1024x768.jpg 1024w, https:\/\/topexpert.ro\/wp-content\/uploads\/revslider\/home-01\/demo_image-75x56.jpg 75w\" sizes=\"(max-width: 1600px) 100vw, 1600px\" \/><\/div><\/div><div class=\"content-team\">\n\t\t\t\t\t\t\t\t<h4>Tammy Daniel<\/h4><div class = \"regency\">Designer<\/div><\/a><\/div><div class=\"clear\"><\/div><\/div><\/li><\/ul><\/div><div class=\"wpb_column vc_column_container vc_col-sm-12 vc_custom_1456695114803\"><div class=\"wpb_wrapper\"><\/div><\/div><\/div><\/div><\/div><\/div>\n","protected":false},"excerpt":{"rendered":"<p>[vc_row css=\".vc_custom_1439519479371{margin-bottom: 100px !important;padding-top: 60px !important;}\"][vc_column width=&#8221;1\/2&#8243; css=&#8221;.vc_custom_1439008710439{padding-top: 88px !important;padding-right: 15px !important;padding-left: 15px !important;}&#8221;&#8230;<\/p>\n","protected":false},"author":1,"featured_media":0,"parent":0,"menu_order":0,"comment_status":"open","ping_status":"open","template":"page-templates\/vc-template.php","meta":[],"_links":{"self":[{"href":"https:\/\/topexpert.ro\/de_DE\/wp-json\/wp\/v2\/pages\/104"}],"collection":[{"href":"https:\/\/topexpert.ro\/de_DE\/wp-json\/wp\/v2\/pages"}],"about":[{"href":"https:\/\/topexpert.ro\/de_DE\/wp-json\/wp\/v2\/types\/page"}],"author":[{"embeddable":true,"href":"https:\/\/topexpert.ro\/de_DE\/wp-json\/wp\/v2\/users\/1"}],"replies":[{"embeddable":true,"href":"https:\/\/topexpert.ro\/de_DE\/wp-json\/wp\/v2\/comments?post=104"}],"version-history":[{"count":42,"href":"https:\/\/topexpert.ro\/de_DE\/wp-json\/wp\/v2\/pages\/104\/revisions"}],"predecessor-version":[{"id":2507,"href":"https:\/\/topexpert.ro\/de_DE\/wp-json\/wp\/v2\/pages\/104\/revisions\/2507"}],"wp:attachment":[{"href":"https:\/\/topexpert.ro\/de_DE\/wp-json\/wp\/v2\/media?parent=104"}],"curies":[{"name":"wp","href":"https:\/\/api.w.org\/{rel}","templated":true}]}}