{"id":108,"date":"2015-07-30T01:18:16","date_gmt":"2015-07-29T23:18:16","guid":{"rendered":"http:\/\/demo.thimpress.com\/fastex\/?page_id=108"},"modified":"2021-02-12T15:53:17","modified_gmt":"2021-02-12T13:53:17","slug":"cariera","status":"publish","type":"page","link":"https:\/\/topexpert.ro\/de_DE\/cariera\/","title":{"rendered":"Karriere"},"content":{"rendered":"<p>Wenn Teamgeist, positive Haltung, Flexibilit\u00e4t, Kommunikations- und \u00dcberzeugungsf\u00e4higkeiten, Ehrlichkeit und Verantwortungsbewusstsein auf Sie zutreffen, schlie\u00dfen Sie sich uns bitte an.<\/p>\n<p>Das Team TOP EXPERT\u00a0ist jung, stark, motiviert, freut sich auf Herausforderungen und genie\u00dft jeden Erfolg.\u00a0 Bitte senden Sie uns einen Lebenslauf samt mit der von Ihnen angestrebten Position zu: <a href=\"mailto:cariere@topexpert.ro\">cariere@topexpert.ro<\/a>.<br \/>\n<strong><br \/>\nAlle Bewerbungsunterlagen werden vertraulich behandelt. Wir kontaktieren ausschlie\u00dflich ausgew\u00e4hlte Bewerber .<\/strong><\/p>\n<p><strong>Gerne k\u00f6nnen Sie Ihren Lebenslauf zu E-Mail-Adresse\u00a0<\/strong><a href=\"mailto:office@topexpert.ro\"><strong>office@topexpert.ro<\/strong><\/a><u> <\/u>zuschicken.<\/p>\n","protected":false},"excerpt":{"rendered":"<p>Wenn Teamgeist, positive Haltung, Flexibilit\u00e4t, Kommunikations- und \u00dcberzeugungsf\u00e4higkeiten, Ehrlichkeit und Verantwortungsbewusstsein auf Sie zutreffen, schlie\u00dfen Sie sich uns bitte an.<\/p>\n<p>Das Team TOP EXPERT\u00a0ist jung, stark, motiviert, freut sich a&#8230;<\/p>\n","protected":false},"author":1,"featured_media":0,"parent":0,"menu_order":0,"comment_status":"closed","ping_status":"closed","template":"","meta":[],"_links":{"self":[{"href":"https:\/\/topexpert.ro\/de_DE\/wp-json\/wp\/v2\/pages\/108"}],"collection":[{"href":"https:\/\/topexpert.ro\/de_DE\/wp-json\/wp\/v2\/pages"}],"about":[{"href":"https:\/\/topexpert.ro\/de_DE\/wp-json\/wp\/v2\/types\/page"}],"author":[{"embeddable":true,"href":"https:\/\/topexpert.ro\/de_DE\/wp-json\/wp\/v2\/users\/1"}],"replies":[{"embeddable":true,"href":"https:\/\/topexpert.ro\/de_DE\/wp-json\/wp\/v2\/comments?post=108"}],"version-history":[{"count":26,"href":"https:\/\/topexpert.ro\/de_DE\/wp-json\/wp\/v2\/pages\/108\/revisions"}],"predecessor-version":[{"id":1593,"href":"https:\/\/topexpert.ro\/de_DE\/wp-json\/wp\/v2\/pages\/108\/revisions\/1593"}],"wp:attachment":[{"href":"https:\/\/topexpert.ro\/de_DE\/wp-json\/wp\/v2\/media?parent=108"}],"curies":[{"name":"wp","href":"https:\/\/api.w.org\/{rel}","templated":true}]}}