{"id":110,"date":"2015-07-30T01:18:35","date_gmt":"2015-07-30T01:18:35","guid":{"rendered":"http:\/\/demo.thimpress.com\/fastex\/?page_id=110"},"modified":"2016-05-28T22:06:26","modified_gmt":"2016-05-28T20:06:26","slug":"services-2","status":"publish","type":"page","link":"https:\/\/topexpert.ro\/de_DE\/services-2\/","title":{"rendered":"Dienstleistungen"},"content":{"rendered":"<div class=\"vc_row wpb_row vc_row-fluid\"><div class=\"wpb_column vc_column_container vc_col-sm-12\"><div class=\"wpb_wrapper\">\n\t<div class=\"wpb_text_column wpb_content_element \">\n\t\t<div class=\"wpb_wrapper\">\n\t\t\t<p> Firma Top Expert stellt optimale Transport-, Logistik- und Zollabwicklungsl\u00f6sungen zur Verf\u00fcgung der Kunden. Wir sorgen daf\u00fcr, dass unsere T\u00e4tigkeit zum Nutzen unserer Kunden den h\u00f6chsten Qualit\u00e4ts- und Pr\u00e4zisionsstandards entspricht. Es gibt kein f\u00fcr uns zu gro\u00dfes oder unwichtiges Projekt. Unser Vorteil liegt in unserer F\u00e4higkeit, L\u00f6sungen f\u00fcr unsere Kunden angemessen zu kombinieren und zu optimieren. Dar\u00fcber hinaus investieren wir st\u00e4ndig in die Entwicklung unseres Unternehmens, um die Anforderungen an hoher Qualit\u00e4t und Komplexit\u00e4t zu erf\u00fcllen. Top Expert bietet folgende Dienstleistungen an: <\/p>\n\n\t\t<\/div>\n\t<\/div>\n<div class=\"vc_separator wpb_content_element vc_separator_align_center vc_sep_width_100 vc_sep_pos_align_center vc_separator_no_text vc_sep_color_grey  vc_custom_1456255734516\"><span\n\t\tclass=\"vc_sep_holder vc_sep_holder_l\"><span\t\t\tclass=\"vc_sep_line\"><\/span><\/span><span\n\t\tclass=\"vc_sep_holder vc_sep_holder_r\"><span class=\"vc_sep_line\"><\/span><\/span>\n\t<\/div>\n\t<div class=\"wpb_text_column wpb_content_element \">\n\t\t<div class=\"wpb_wrapper\">\n\t\t\t<h2>Nationale und internationale Warentransporte<\/h2>\n\n\t\t<\/div>\n\t<\/div>\n<\/div><\/div><\/div><div class=\"vc_row wpb_row vc_row-fluid\"><div class=\"wpb_column vc_column_container vc_col-sm-6\"><div class=\"wpb_wrapper\">\n\t<div class=\"wpb_single_image wpb_content_element vc_align_left\">\n\t\t<div class=\"wpb_wrapper\">\n\t\t\t\n\t\t\t<div class=\"vc_single_image-wrapper   vc_box_border_grey\"><img width=\"4912\" height=\"3264\" src=\"https:\/\/topexpert.ro\/wp-content\/uploads\/2015\/08\/rutier.jpg\" class=\"vc_single_image-img attachment-full\" alt=\"\" loading=\"lazy\" srcset=\"https:\/\/topexpert.ro\/wp-content\/uploads\/2015\/08\/rutier.jpg 4912w, https:\/\/topexpert.ro\/wp-content\/uploads\/2015\/08\/rutier-300x199.jpg 300w, https:\/\/topexpert.ro\/wp-content\/uploads\/2015\/08\/rutier-768x510.jpg 768w, https:\/\/topexpert.ro\/wp-content\/uploads\/2015\/08\/rutier-1024x680.jpg 1024w\" sizes=\"(max-width: 4912px) 100vw, 4912px\" \/><\/div>\n\t\t<\/div>\n\t<\/div>\n<\/div><\/div><div class=\"wpb_column vc_column_container vc_col-sm-6\"><div class=\"wpb_wrapper\">\n\t<div class=\"wpb_text_column wpb_content_element \">\n\t\t<div class=\"wpb_wrapper\">\n\t\t\t<p>TOP EXPERT bietet nationale wie auch grenz\u00fcberschreitende Transport-Leistungen als Haus-zu-Haus-Anlieferung, Teil- und Komplettladungen\/Sammelladungen an. Wir f\u00fchren weltweite Spedition und Waren\u00fcbernahme aus. Unsere Partner sind etablierte Unternehmen, mit deren Hilfe wir alle Transportarten einsetzen k\u00f6nnen: &#8211; Stra\u00dfenverkehr &#8211; Seefracht &#8211; Luftfracht &#8211; Rail Cargo Alle von uns vorgeschlagenen Transportarten sind f\u00fcr jeden Kunden ma\u00dfgeschneidert und die angebotene L\u00f6sung versteht sich als ein optimales Verh\u00e4ltnis zwischen der Laufzeit, Transportart und Kosten. <span style=\"line-height: 1.5;\"><\/p>\n\n\t\t<\/div>\n\t<\/div>\n\t<div class=\"vc_btn3-container  wpb_animate_when_almost_visible wpb_appear vc_btn3-inline\"><a class=\"vc_general vc_btn3 vc_btn3-size-md vc_btn3-shape-rounded vc_btn3-style-flat vc_btn3-color-primary\" href=\"\/solicitare-online\/\" title=\"\" target=\"_self\">Dienstleistungsanfrage<\/a><\/div><\/div><\/div><\/div><div class=\"vc_row wpb_row vc_row-fluid\"><div class=\"wpb_column vc_column_container vc_col-sm-12\"><div class=\"wpb_wrapper\"><div class=\"vc_separator wpb_content_element vc_separator_align_center vc_sep_width_100 vc_sep_pos_align_center vc_separator_no_text vc_sep_color_grey  vc_custom_1456253880461\"><span\n\t\tclass=\"vc_sep_holder vc_sep_holder_l\"><span\t\t\tclass=\"vc_sep_line\"><\/span><\/span><span\n\t\tclass=\"vc_sep_holder vc_sep_holder_r\"><span class=\"vc_sep_line\"><\/span><\/span>\n\t<\/div>\n\t<div class=\"wpb_text_column wpb_content_element \">\n\t\t<div class=\"wpb_wrapper\">\n\t\t\t<h2> Logistik<\/h2>\n\n\t\t<\/div>\n\t<\/div>\n<\/div><\/div><\/div><div class=\"vc_row wpb_row vc_row-fluid\"><div class=\"wpb_column vc_column_container vc_col-sm-6\"><div class=\"wpb_wrapper\">\n\t<div class=\"wpb_single_image wpb_content_element vc_align_left\">\n\t\t<div class=\"wpb_wrapper\">\n\t\t\t\n\t\t\t<div class=\"vc_single_image-wrapper   vc_box_border_grey\"><img width=\"5184\" height=\"3456\" src=\"https:\/\/topexpert.ro\/wp-content\/uploads\/2015\/08\/logistica-1.jpg\" class=\"vc_single_image-img attachment-full\" alt=\"\" loading=\"lazy\" srcset=\"https:\/\/topexpert.ro\/wp-content\/uploads\/2015\/08\/logistica-1.jpg 5184w, https:\/\/topexpert.ro\/wp-content\/uploads\/2015\/08\/logistica-1-300x200.jpg 300w, https:\/\/topexpert.ro\/wp-content\/uploads\/2015\/08\/logistica-1-768x512.jpg 768w, https:\/\/topexpert.ro\/wp-content\/uploads\/2015\/08\/logistica-1-1024x683.jpg 1024w\" sizes=\"(max-width: 5184px) 100vw, 5184px\" \/><\/div>\n\t\t<\/div>\n\t<\/div>\n<\/div><\/div><div class=\"wpb_column vc_column_container vc_col-sm-6\"><div class=\"wpb_wrapper\">\n\t<div class=\"wpb_text_column wpb_content_element \">\n\t\t<div class=\"wpb_wrapper\">\n\t\t\t<p> Top Expert bietet moderne, komplette, f\u00fcr jeden Kunden ma\u00dfgeschneiderte Logistikl\u00f6sungen an, die zusammen mit den weltweit und inl\u00e4ndisch etablierten Partnern ausgearbeitet sind. Unsere Logistikdienstleistungen umfassen Planung, Organisierung, Durchf\u00fchrung und Kontrolle des Warenverkehrs, beginnend mit Sammlung von Lieferanten, Transport, Handling und Lagerung von G\u00fctern und Warenzustellung an Endkunden. Aufgrund der L\u00f6sungen eines wichtigen Logistikdienstleisters genie\u00dfen unsere Kunden eine Reihe von Vorteilen, wie Einkommens- und Wirtschaftlichkeitswachstum, niedrigere Kapitalinvestitionen, Reduzierung der Betriebskosten, Ersparnis der Managementressourcen, N\u00e4he zu den Kunden aufgrund der schnelleren Transporte bei hoher Qualit\u00e4t. Hier einige Beispiele aus der logistischen Kette:<\/p>\n<ul>\n<\/ul>\n<ul>\n<li>Supply-Chain-Planung<\/li>\n<li>Warenabholung<\/li>\n<li>Warenlagerung unter zollrechtlichen Vorschriften oder ohne Zollabgaben<\/li>\n<li>Handling und Vorbereitung der Waren f\u00fcr die Lieferung\/Distribution<\/li>\n<li>Bestandsmanagement<\/li>\n<li>Warenlieferung<\/li>\n<li>Sicherung der Waren im Laufe des Transports und der Lagerung<\/li>\n<li>Zollf\u00f6rmlichkeiten f\u00fcr Import\/Export<\/li>\n<li>Erstellung und \u00dcbermittlung der INTRASTAT-Erkl\u00e4rungen<\/li>\n<li>\u00dcbernahme\/\u00dcbergabe aller Unterlagen am Sitz des Kunden<\/li>\n<li>Strikte \u00dcberwachung aller Operationen<\/li>\n<li>Weitere Mehrwert-Dienstleistungen: Sortieren, Verpacken, in Folien einwickeln, Etikettierung, Anbringen von Anleitungen etc.<\/li>\n<\/ul>\n<p>Das Handling und die weiteren Vorbereitungsma\u00dfnahmen f\u00fcr die Distribution werden verantwortungsvoll h\u00e4ndisch oder mit speziellen Anlagen von qualifiziertem Fachpersonal durchgef\u00fchrt. Die Wareneing\u00e4nge und -Ausg\u00e4nge werden strikt \u00fcberwacht, so dass die Best\u00e4nde st\u00e4ndig unter Kontrolle sind <\/p>\n\n\t\t<\/div>\n\t<\/div>\n\t<div class=\"vc_btn3-container  wpb_animate_when_almost_visible wpb_appear vc_btn3-inline\"><a class=\"vc_general vc_btn3 vc_btn3-size-md vc_btn3-shape-rounded vc_btn3-style-flat vc_btn3-color-primary\" href=\"\/solicitare-online\/\" title=\"\" target=\"_self\">Dienstleistungsanfrage<\/a><\/div><\/div><\/div><\/div><div class=\"vc_row wpb_row vc_row-fluid\"><div class=\"wpb_column vc_column_container vc_col-sm-12\"><div class=\"wpb_wrapper\"><div class=\"vc_separator wpb_content_element vc_separator_align_center vc_sep_width_100 vc_sep_pos_align_center vc_separator_no_text vc_sep_color_grey  vc_custom_1456254072496\"><span\n\t\tclass=\"vc_sep_holder vc_sep_holder_l\"><span\t\t\tclass=\"vc_sep_line\"><\/span><\/span><span\n\t\tclass=\"vc_sep_holder vc_sep_holder_r\"><span class=\"vc_sep_line\"><\/span><\/span>\n\t<\/div>\n\t<div class=\"wpb_text_column wpb_content_element \">\n\t\t<div class=\"wpb_wrapper\">\n\t\t\t<h2>Intrastat. Zollf\u00f6rmlichkeiten<\/h2>\n\n\t\t<\/div>\n\t<\/div>\n<\/div><\/div><\/div><div class=\"vc_row wpb_row vc_row-fluid\"><div class=\"wpb_column vc_column_container vc_col-sm-6\"><div class=\"wpb_wrapper\">\n\t<div class=\"wpb_single_image wpb_content_element vc_align_left\">\n\t\t<div class=\"wpb_wrapper\">\n\t\t\t\n\t\t\t<div class=\"vc_single_image-wrapper   vc_box_border_grey\"><img width=\"4200\" height=\"2800\" src=\"https:\/\/topexpert.ro\/wp-content\/uploads\/2015\/08\/vama.jpg\" class=\"vc_single_image-img attachment-full\" alt=\"\" loading=\"lazy\" srcset=\"https:\/\/topexpert.ro\/wp-content\/uploads\/2015\/08\/vama.jpg 4200w, https:\/\/topexpert.ro\/wp-content\/uploads\/2015\/08\/vama-300x200.jpg 300w, https:\/\/topexpert.ro\/wp-content\/uploads\/2015\/08\/vama-768x512.jpg 768w, https:\/\/topexpert.ro\/wp-content\/uploads\/2015\/08\/vama-1024x683.jpg 1024w\" sizes=\"(max-width: 4200px) 100vw, 4200px\" \/><\/div>\n\t\t<\/div>\n\t<\/div>\n<\/div><\/div><div class=\"wpb_column vc_column_container vc_col-sm-6\"><div class=\"wpb_wrapper\">\n\t<div class=\"wpb_text_column wpb_content_element \">\n\t\t<div class=\"wpb_wrapper\">\n\t\t\t<h2>1. INTRASTAT<\/h2>\n<p>Das Intrastat-System funktioniert seit 1. Januar 2007, seitdem Rum\u00e4nien der EU beigetreten ist. Innergemeinschaftliche\u00a0Handelsstatistik <strong>INTRASTAT<\/strong>\u00a0wird von allen Marktteilnehmern ausgef\u00fcllt und abgegeben, deren Warenversendungen und \u2013 Eing\u00e4nge in die \/ aus den EU-Mitgliedsstaaten den Wert im Referenzjahr \u00fcberschreiten. Da die Abgabe dieser Meldungen verbindlich ist und bei Unstimmigkeiten Strafen gesetzlich verh\u00e4ngt werden, \u00fcbernehmen wir die Abgabe der <strong>INTRASTAT<\/strong>\u00a0-Meldungen\u00a0 f\u00fcr unsere Kunden. Alle Dokumente und Informationen werden von erfahrenen Fachleuten, die mit \u00a0der Gesetzgebung vertraut sind, bearbeitet.<\/p>\n<h2>2. ZOLLABWICKLUNG<\/h2>\n<p>F\u00fcr alle Lieferungen au\u00dferhalb der Europ\u00e4ischen Union bietet unser Unternehmen Zollberatungsdienstleistungen sowie Vertretung in jedem Zollamt in Rum\u00e4nien an. Wir \u00fcbernehmen und bearbeiten die notwendige Dokumentation laut der geltenden Gesetzgebung und f\u00fchren die vorl\u00e4ufigen oder endg\u00fcltigen Zollverfahren f\u00fcr Import \/Export aus und erm\u00f6glichen den Zugang zu Lagerh\u00e4usern und Zolllagern.<\/p>\n\n\t\t<\/div>\n\t<\/div>\n\t<div class=\"vc_btn3-container  wpb_animate_when_almost_visible wpb_appear vc_btn3-inline\"><a class=\"vc_general vc_btn3 vc_btn3-size-md vc_btn3-shape-rounded vc_btn3-style-flat vc_btn3-color-primary\" href=\"\/solicitare-online\/\" title=\"\" target=\"_self\">Dienstleistungsanfrage<\/a><\/div><\/div><\/div><\/div><div class=\"vc_row wpb_row vc_row-fluid\"><div class=\"wpb_column vc_column_container vc_col-sm-12\"><div class=\"wpb_wrapper\"><div class=\"vc_separator wpb_content_element vc_separator_align_center vc_sep_width_100 vc_sep_pos_align_center vc_separator_no_text vc_sep_color_grey  vc_custom_1456254224759\"><span\n\t\tclass=\"vc_sep_holder vc_sep_holder_l\"><span\t\t\tclass=\"vc_sep_line\"><\/span><\/span><span\n\t\tclass=\"vc_sep_holder vc_sep_holder_r\"><span class=\"vc_sep_line\"><\/span><\/span>\n\t<\/div><\/div><\/div><\/div><\/span><\/p>\n","protected":false},"excerpt":{"rendered":"<p>[vc_row][vc_column][vc_column_text] Firma Top Expert stellt optimale Transport-, Logistik- und Zollabwicklungsl\u00f6sungen zur Verf\u00fcgung der Kunden. Wir sorgen daf\u00fcr, dass unsere T\u00e4tigkeit zum Nutzen unserer Kunden den h\u00f6chsten Qualit\u00e4ts- und Pr\u00e4zisionss&#8230;<\/p>\n","protected":false},"author":1,"featured_media":0,"parent":0,"menu_order":0,"comment_status":"open","ping_status":"open","template":"page-templates\/vc-template.php","meta":[],"_links":{"self":[{"href":"https:\/\/topexpert.ro\/de_DE\/wp-json\/wp\/v2\/pages\/110"}],"collection":[{"href":"https:\/\/topexpert.ro\/de_DE\/wp-json\/wp\/v2\/pages"}],"about":[{"href":"https:\/\/topexpert.ro\/de_DE\/wp-json\/wp\/v2\/types\/page"}],"author":[{"embeddable":true,"href":"https:\/\/topexpert.ro\/de_DE\/wp-json\/wp\/v2\/users\/1"}],"replies":[{"embeddable":true,"href":"https:\/\/topexpert.ro\/de_DE\/wp-json\/wp\/v2\/comments?post=110"}],"version-history":[{"count":99,"href":"https:\/\/topexpert.ro\/de_DE\/wp-json\/wp\/v2\/pages\/110\/revisions"}],"predecessor-version":[{"id":1946,"href":"https:\/\/topexpert.ro\/de_DE\/wp-json\/wp\/v2\/pages\/110\/revisions\/1946"}],"wp:attachment":[{"href":"https:\/\/topexpert.ro\/de_DE\/wp-json\/wp\/v2\/media?parent=110"}],"curies":[{"name":"wp","href":"https:\/\/api.w.org\/{rel}","templated":true}]}}