{"id":1487,"date":"2016-02-28T21:19:41","date_gmt":"2016-02-28T19:19:41","guid":{"rendered":"http:\/\/topexpert.ro\/?page_id=1487"},"modified":"2021-04-13T09:40:33","modified_gmt":"2021-04-13T07:40:33","slug":"transport-maritim","status":"publish","type":"page","link":"https:\/\/topexpert.ro\/de_DE\/transport-maritim\/","title":{"rendered":"Seafreight"},"content":{"rendered":"<div class=\"vc_row wpb_row vc_row-fluid\"><div class=\"wpb_column vc_column_container vc_col-sm-6\"><div class=\"wpb_wrapper\">\n\t<div class=\"wpb_single_image wpb_content_element vc_align_left\">\n\t\t<div class=\"wpb_wrapper\">\n\t\t\t\n\t\t\t<div class=\"vc_single_image-wrapper   vc_box_border_grey\"><img width=\"5781\" height=\"3766\" src=\"https:\/\/topexpert.ro\/wp-content\/uploads\/2016\/02\/vapor-1.jpg\" class=\"vc_single_image-img attachment-full\" alt=\"\" loading=\"lazy\" srcset=\"https:\/\/topexpert.ro\/wp-content\/uploads\/2016\/02\/vapor-1.jpg 5781w, https:\/\/topexpert.ro\/wp-content\/uploads\/2016\/02\/vapor-1-300x195.jpg 300w, https:\/\/topexpert.ro\/wp-content\/uploads\/2016\/02\/vapor-1-768x500.jpg 768w, https:\/\/topexpert.ro\/wp-content\/uploads\/2016\/02\/vapor-1-1024x667.jpg 1024w\" sizes=\"(max-width: 5781px) 100vw, 5781px\" \/><\/div>\n\t\t<\/div>\n\t<\/div>\n\t<div class=\"vc_btn3-container  wpb_animate_when_almost_visible wpb_appear vc_btn3-center\"><a class=\"vc_general vc_btn3 vc_btn3-size-md vc_btn3-shape-rounded vc_btn3-style-flat vc_btn3-color-primary\" href=\"\/solicitare-online\/\" title=\"\" target=\"_self\">Jetzt dieses  Angebot anfordern!<\/a><\/div><\/div><\/div><div class=\"wpb_column vc_column_container vc_col-sm-6\"><div class=\"wpb_wrapper\">\n\t<div class=\"wpb_text_column wpb_content_element \">\n\t\t<div class=\"wpb_wrapper\">\n\t\t\t<p>Wir bieten weltweit p\u00fcnktlichen Containertransport zu hohen Qualit\u00e4ts- und Sicherheitsstandards an. \u00a0Wir stellen Ihnen optimale L\u00f6sungen f\u00fcr die Bef\u00f6rderung Ihrer G\u00fcter \u00a0\u00a0in 20 &#8221; oder 40 &#8221; Voll-\u00a0 oder Sammelcontainer (FCL \/ LCL) in den Varianten&#8221; port -to- port &#8221; oder \u2018door-to-door\u2019 zur Verf\u00fcgung.Wir sind stets um die Verbesserung der Qualit\u00e4t unserer Dienstleistungen bem\u00fcht: Das widerspiegelt sich in unserer Zusammenarbeit mit den f\u00fchrenden Seefrachtlinien, in unserer st\u00e4ndigen und strengen \u00dcberwachung \u00a0des gesamten Transportablaufs &#8211; vom Verladen in die Container\u00a0 bis zur Lieferung an den Bestimmungsort. Auch stellen wir unseren Kunden jederzeit aktualisierte Informationen \u00fcber die genaue Lage ihrer Waren zur Verf\u00fcgung.<\/p>\n\n\t\t<\/div>\n\t<\/div>\n<\/div><\/div><\/div>\n","protected":false},"excerpt":{"rendered":"<p>[vc_row][vc_column width=\"1\/2\"][vc_single_image image=\"1626\" img_size=\"full\"][vc_btn title=\"Jetzt dieses \u00a0Angebot anfordern!\" style=\"flat\" color=\"primary\" align=\"center\" css_animation=\"appear\" link=\"url:%2Fsolicitare-online%2F||\"][\/vc_column][vc_colu&#8230;<\/p>\n","protected":false},"author":1,"featured_media":0,"parent":0,"menu_order":0,"comment_status":"closed","ping_status":"closed","template":"","meta":[],"_links":{"self":[{"href":"https:\/\/topexpert.ro\/de_DE\/wp-json\/wp\/v2\/pages\/1487"}],"collection":[{"href":"https:\/\/topexpert.ro\/de_DE\/wp-json\/wp\/v2\/pages"}],"about":[{"href":"https:\/\/topexpert.ro\/de_DE\/wp-json\/wp\/v2\/types\/page"}],"author":[{"embeddable":true,"href":"https:\/\/topexpert.ro\/de_DE\/wp-json\/wp\/v2\/users\/1"}],"replies":[{"embeddable":true,"href":"https:\/\/topexpert.ro\/de_DE\/wp-json\/wp\/v2\/comments?post=1487"}],"version-history":[{"count":38,"href":"https:\/\/topexpert.ro\/de_DE\/wp-json\/wp\/v2\/pages\/1487\/revisions"}],"predecessor-version":[{"id":2282,"href":"https:\/\/topexpert.ro\/de_DE\/wp-json\/wp\/v2\/pages\/1487\/revisions\/2282"}],"wp:attachment":[{"href":"https:\/\/topexpert.ro\/de_DE\/wp-json\/wp\/v2\/media?parent=1487"}],"curies":[{"name":"wp","href":"https:\/\/api.w.org\/{rel}","templated":true}]}}