{"id":1502,"date":"2016-02-28T21:40:48","date_gmt":"2016-02-28T19:40:48","guid":{"rendered":"http:\/\/topexpert.ro\/?page_id=1502"},"modified":"2021-04-08T10:04:54","modified_gmt":"2021-04-08T08:04:54","slug":"transport-aerian","status":"publish","type":"page","link":"https:\/\/topexpert.ro\/de_DE\/transport-aerian\/","title":{"rendered":"Luftfrachtverkehr"},"content":{"rendered":"<div class=\"vc_row wpb_row vc_row-fluid\"><div class=\"wpb_column vc_column_container vc_col-sm-6\"><div class=\"wpb_wrapper\">\n\t<div class=\"wpb_single_image wpb_content_element vc_align_left\">\n\t\t<div class=\"wpb_wrapper\">\n\t\t\t\n\t\t\t<div class=\"vc_single_image-wrapper   vc_box_border_grey\"><img width=\"5616\" height=\"4307\" src=\"https:\/\/topexpert.ro\/wp-content\/uploads\/2016\/02\/avion-1.jpg\" class=\"vc_single_image-img attachment-full\" alt=\"\" loading=\"lazy\" srcset=\"https:\/\/topexpert.ro\/wp-content\/uploads\/2016\/02\/avion-1.jpg 5616w, https:\/\/topexpert.ro\/wp-content\/uploads\/2016\/02\/avion-1-300x230.jpg 300w, https:\/\/topexpert.ro\/wp-content\/uploads\/2016\/02\/avion-1-768x589.jpg 768w, https:\/\/topexpert.ro\/wp-content\/uploads\/2016\/02\/avion-1-1024x785.jpg 1024w\" sizes=\"(max-width: 5616px) 100vw, 5616px\" \/><\/div>\n\t\t<\/div>\n\t<\/div>\n\t<div class=\"vc_btn3-container  wpb_animate_when_almost_visible wpb_appear vc_btn3-center\"><a class=\"vc_general vc_btn3 vc_btn3-size-md vc_btn3-shape-rounded vc_btn3-style-flat vc_btn3-color-primary\" href=\"\/solicitare-online\/\" title=\"\" target=\"_self\">Jetzt dieses  Angebot anfordern!<\/a><\/div><\/div><\/div><div class=\"wpb_column vc_column_container vc_col-sm-6\"><div class=\"wpb_wrapper\">\n\t<div class=\"wpb_text_column wpb_content_element \">\n\t\t<div class=\"wpb_wrapper\">\n\t\t\t<p>TOP EXPERT DCE bietet vorteilhafte L\u00f6sungen f\u00fcr die weltweite Luftfracht, sowohl als Charter aber auch als Sammeltransport. Dabei machen Sie Gebrauch von den Leistungen der bekanntesten Fluggesellschaften.<\/p>\n<p>Unsere breite Palette von Dienstleistungen auf Basis von standardisierten Verbindungen (Linien) mit festen Zeitpl\u00e4nen oder Luftcharter sichert Ihnen eine direkte \u00a0Verbindungen zu den gr\u00f6\u00dften Flugverkehrsknotenpunkten. Auf dieser Art stellen wir Ihnen die M\u00f6glichkeit eines schnellen Versandes Ihrer G\u00fcter und deren Lieferung am Bestimmungsort mit einer optimalen Bef\u00f6rderungszeit zur Verf\u00fcgung. Der Luftverkehr ist Bestandteil der Logistikkette f\u00fcr die Lieferung von Waren an den Endkunden.<\/p>\n<p><span style=\"line-height: 1.5;\"><\/p>\n\n\t\t<\/div>\n\t<\/div>\n<\/div><\/div><\/div><\/span><\/p>\n","protected":false},"excerpt":{"rendered":"<p>[vc_row][vc_column width=\"1\/2\"][vc_single_image image=\"1628\" img_size=\"full\"][vc_btn title=\"Jetzt dieses \u00a0Angebot anfordern!\" style=\"flat\" color=\"primary\" align=\"center\" css_animation=\"appear\" link=\"url:%2Fsolicitare-online%2F||\"][\/vc_column][vc_c&#8230;<\/p>\n","protected":false},"author":1,"featured_media":0,"parent":0,"menu_order":0,"comment_status":"closed","ping_status":"closed","template":"","meta":[],"_links":{"self":[{"href":"https:\/\/topexpert.ro\/de_DE\/wp-json\/wp\/v2\/pages\/1502"}],"collection":[{"href":"https:\/\/topexpert.ro\/de_DE\/wp-json\/wp\/v2\/pages"}],"about":[{"href":"https:\/\/topexpert.ro\/de_DE\/wp-json\/wp\/v2\/types\/page"}],"author":[{"embeddable":true,"href":"https:\/\/topexpert.ro\/de_DE\/wp-json\/wp\/v2\/users\/1"}],"replies":[{"embeddable":true,"href":"https:\/\/topexpert.ro\/de_DE\/wp-json\/wp\/v2\/comments?post=1502"}],"version-history":[{"count":13,"href":"https:\/\/topexpert.ro\/de_DE\/wp-json\/wp\/v2\/pages\/1502\/revisions"}],"predecessor-version":[{"id":2263,"href":"https:\/\/topexpert.ro\/de_DE\/wp-json\/wp\/v2\/pages\/1502\/revisions\/2263"}],"wp:attachment":[{"href":"https:\/\/topexpert.ro\/de_DE\/wp-json\/wp\/v2\/media?parent=1502"}],"curies":[{"name":"wp","href":"https:\/\/api.w.org\/{rel}","templated":true}]}}