{"id":1506,"date":"2016-02-28T21:46:32","date_gmt":"2016-02-28T19:46:32","guid":{"rendered":"http:\/\/topexpert.ro\/?page_id=1506"},"modified":"2021-02-12T15:50:20","modified_gmt":"2021-02-12T13:50:20","slug":"transport-feroviar","status":"publish","type":"page","link":"https:\/\/topexpert.ro\/de_DE\/transport-feroviar\/","title":{"rendered":"Schieneng\u00fctertransport"},"content":{"rendered":"<div class=\"vc_row wpb_row vc_row-fluid\"><div class=\"wpb_column vc_column_container vc_col-sm-6\"><div class=\"wpb_wrapper\">\n\t<div class=\"wpb_single_image wpb_content_element vc_align_left\">\n\t\t<div class=\"wpb_wrapper\">\n\t\t\t\n\t\t\t<div class=\"vc_single_image-wrapper   vc_box_border_grey\"><img width=\"3000\" height=\"2000\" src=\"https:\/\/topexpert.ro\/wp-content\/uploads\/2016\/02\/tren-1.jpg\" class=\"vc_single_image-img attachment-full\" alt=\"\" loading=\"lazy\" srcset=\"https:\/\/topexpert.ro\/wp-content\/uploads\/2016\/02\/tren-1.jpg 3000w, https:\/\/topexpert.ro\/wp-content\/uploads\/2016\/02\/tren-1-300x200.jpg 300w, https:\/\/topexpert.ro\/wp-content\/uploads\/2016\/02\/tren-1-768x512.jpg 768w, https:\/\/topexpert.ro\/wp-content\/uploads\/2016\/02\/tren-1-1024x683.jpg 1024w\" sizes=\"(max-width: 3000px) 100vw, 3000px\" \/><\/div>\n\t\t<\/div>\n\t<\/div>\n\t<div class=\"vc_btn3-container  wpb_animate_when_almost_visible wpb_appear vc_btn3-center\"><a class=\"vc_general vc_btn3 vc_btn3-size-md vc_btn3-shape-rounded vc_btn3-style-flat vc_btn3-color-primary\" href=\"\/solicitare-online\/\" title=\"\" target=\"_self\">Jetzt dieses  Angebot anfordern!<\/a><\/div><\/div><\/div><div class=\"wpb_column vc_column_container vc_col-sm-6\"><div class=\"wpb_wrapper\">\n\t<div class=\"wpb_text_column wpb_content_element \">\n\t\t<div class=\"wpb_wrapper\">\n\t\t\t<p>Wir verf\u00fcgen \u00fcber eine langj\u00e4hrige Erfahrung in der Abwicklung von nationalen oder internationalen Transporten an \u00a0jedes Ziel in Europa und Asien. \u00a0CIM und SMGS Vorschriften sind uns sehr bekannt.<\/p>\n<p>Im Laufe der Zeit haben wir enge Verbindungen zu ausgew\u00e4hlten Verkehrsunternehmen\u00a0 aufgebaut. Auf dieser Weise haben wir es geschafft Schienentransporte f\u00fcr eine Vielzahl von G\u00fctern (Masseng\u00fcter, Packst\u00fccke, Ausr\u00fcstungen, \u00fcberdimensionierte G\u00fcter, Container, Mineral\u00f6lprodukte und chemischen Produkte) unter Einhaltung der h\u00f6chsten Sicherheitsanforderungen zu organisieren.<\/p>\n<p><span style=\"line-height: 1.5;\"><\/p>\n\n\t\t<\/div>\n\t<\/div>\n<\/div><\/div><\/div><\/span><\/p>\n","protected":false},"excerpt":{"rendered":"<p>[vc_row][vc_column width=\"1\/2\"][vc_single_image image=\"1624\" img_size=\"full\"][vc_btn title=\"Jetzt dieses \u00a0Angebot anfordern!\" style=\"flat\" color=\"primary\" align=\"center\" css_animation=\"appear\" link=\"url:%2Fsolicitare-online%2F||\"][\/vc_column][vc_c&#8230;<\/p>\n","protected":false},"author":1,"featured_media":0,"parent":0,"menu_order":0,"comment_status":"closed","ping_status":"closed","template":"","meta":[],"_links":{"self":[{"href":"https:\/\/topexpert.ro\/de_DE\/wp-json\/wp\/v2\/pages\/1506"}],"collection":[{"href":"https:\/\/topexpert.ro\/de_DE\/wp-json\/wp\/v2\/pages"}],"about":[{"href":"https:\/\/topexpert.ro\/de_DE\/wp-json\/wp\/v2\/types\/page"}],"author":[{"embeddable":true,"href":"https:\/\/topexpert.ro\/de_DE\/wp-json\/wp\/v2\/users\/1"}],"replies":[{"embeddable":true,"href":"https:\/\/topexpert.ro\/de_DE\/wp-json\/wp\/v2\/comments?post=1506"}],"version-history":[{"count":18,"href":"https:\/\/topexpert.ro\/de_DE\/wp-json\/wp\/v2\/pages\/1506\/revisions"}],"predecessor-version":[{"id":2170,"href":"https:\/\/topexpert.ro\/de_DE\/wp-json\/wp\/v2\/pages\/1506\/revisions\/2170"}],"wp:attachment":[{"href":"https:\/\/topexpert.ro\/de_DE\/wp-json\/wp\/v2\/media?parent=1506"}],"curies":[{"name":"wp","href":"https:\/\/api.w.org\/{rel}","templated":true}]}}