{"id":1524,"date":"2016-02-28T22:07:52","date_gmt":"2016-02-28T20:07:52","guid":{"rendered":"http:\/\/topexpert.ro\/?page_id=1524"},"modified":"2021-02-12T15:52:01","modified_gmt":"2021-02-12T13:52:01","slug":"intrastat-formalitati-vamale","status":"publish","type":"page","link":"https:\/\/topexpert.ro\/de_DE\/intrastat-formalitati-vamale\/","title":{"rendered":"Intrastat. Zollf\u00f6rmlichkeiten"},"content":{"rendered":"<h2><\/h2>\n<h2>1. INTRASTAT<\/h2>\n<p>Das Intrastat-System funktioniert seit 1. Januar 2007, seitdem Rum\u00e4nien der EU beigetreten ist. Innergemeinschaftliche\u00a0Handelsstatistik <strong>INTRASTAT<\/strong>\u00a0wird von allen Marktteilnehmern ausgef\u00fcllt und abgegeben, deren Warenversendungen und \u2013 Eing\u00e4nge in die \/ aus den EU-Mitgliedsstaaten den Wert im Referenzjahr \u00fcberschreiten. Da die Abgabe dieser Meldungen verbindlich ist und bei Unstimmigkeiten Strafen gesetzlich verh\u00e4ngt werden, \u00fcbernehmen wir die Abgabe der <strong>INTRASTAT<\/strong>\u00a0-Meldungen\u00a0 f\u00fcr unsere Kunden. Alle Dokumente und Informationen werden von erfahrenen Fachleuten, die mit \u00a0der Gesetzgebung vertraut sind, bearbeitet.<\/p>\n<h2>2. ZOLLABWICKLUNG<\/h2>\n<p>F\u00fcr alle Lieferungen au\u00dferhalb der Europ\u00e4ischen Union bietet unser Unternehmen Zollberatungsdienstleistungen sowie Vertretung in jedem Zollamt in Rum\u00e4nien an. Wir \u00fcbernehmen und bearbeiten die notwendige Dokumentation laut der geltenden Gesetzgebung und f\u00fchren die vorl\u00e4ufigen oder endg\u00fcltigen Zollverfahren f\u00fcr Import \/Export aus und erm\u00f6glichen den Zugang zu Lagerh\u00e4usern und Zolllagern.\t<div class=\"vc_btn3-container  wpb_animate_when_almost_visible wpb_appear vc_btn3-inline\"><a class=\"vc_general vc_btn3 vc_btn3-size-md vc_btn3-shape-rounded vc_btn3-style-flat vc_btn3-color-primary\" href=\"\/solicitare-online\/\" title=\"\" target=\"_self\">Dienstleistungsanfrage<\/a><\/div><div class=\"vc_separator wpb_content_element vc_separator_align_center vc_sep_width_100 vc_sep_pos_align_center vc_separator_no_text vc_sep_color_grey  vc_custom_1456254224759\"><span\n\t\tclass=\"vc_sep_holder vc_sep_holder_l\"><span\t\t\tclass=\"vc_sep_line\"><\/span><\/span><span\n\t\tclass=\"vc_sep_holder vc_sep_holder_r\"><span class=\"vc_sep_line\"><\/span><\/span>\n\t<\/div>\n","protected":false},"excerpt":{"rendered":"<h2><\/h2>\n<h2>1. INTRASTAT<\/h2>\n<p>Das Intrastat-System funktioniert seit 1. Januar 2007, seitdem Rum\u00e4nien der EU beigetreten ist. Innergemeinschaftliche\u00a0Handelsstatistik <strong>INTRASTAT<\/strong>\u00a0wird von allen Marktteilnehmern ausgef\u00fcllt und abgege&#8230;<\/p>\n","protected":false},"author":1,"featured_media":0,"parent":0,"menu_order":0,"comment_status":"closed","ping_status":"closed","template":"","meta":[],"_links":{"self":[{"href":"https:\/\/topexpert.ro\/de_DE\/wp-json\/wp\/v2\/pages\/1524"}],"collection":[{"href":"https:\/\/topexpert.ro\/de_DE\/wp-json\/wp\/v2\/pages"}],"about":[{"href":"https:\/\/topexpert.ro\/de_DE\/wp-json\/wp\/v2\/types\/page"}],"author":[{"embeddable":true,"href":"https:\/\/topexpert.ro\/de_DE\/wp-json\/wp\/v2\/users\/1"}],"replies":[{"embeddable":true,"href":"https:\/\/topexpert.ro\/de_DE\/wp-json\/wp\/v2\/comments?post=1524"}],"version-history":[{"count":26,"href":"https:\/\/topexpert.ro\/de_DE\/wp-json\/wp\/v2\/pages\/1524\/revisions"}],"predecessor-version":[{"id":2184,"href":"https:\/\/topexpert.ro\/de_DE\/wp-json\/wp\/v2\/pages\/1524\/revisions\/2184"}],"wp:attachment":[{"href":"https:\/\/topexpert.ro\/de_DE\/wp-json\/wp\/v2\/media?parent=1524"}],"curies":[{"name":"wp","href":"https:\/\/api.w.org\/{rel}","templated":true}]}}