{"id":1976,"date":"2016-09-28T21:55:52","date_gmt":"2016-09-28T19:55:52","guid":{"rendered":"http:\/\/topexpert.ro\/?page_id=1976"},"modified":"2022-01-10T18:27:17","modified_gmt":"2022-01-10T16:27:17","slug":"certificari-si-licente","status":"publish","type":"page","link":"https:\/\/topexpert.ro\/de_DE\/certificari-si-licente\/","title":{"rendered":"Certificari si Licente"},"content":{"rendered":"<div class=\"vc_row wpb_row vc_row-fluid\"><div class=\"wpb_column vc_column_container vc_col-sm-6\"><div class=\"wpb_wrapper\">\n\t<div class=\"wpb_single_image wpb_content_element vc_align_left\">\n\t\t<div class=\"wpb_wrapper\">\n\t\t\t\n\t\t\t<div class=\"vc_single_image-wrapper   vc_box_border_grey\"><img width=\"199\" height=\"112\" src=\"https:\/\/topexpert.ro\/wp-content\/uploads\/2016\/09\/WCA_for-white-background-2.png\" class=\"vc_single_image-img attachment-full\" alt=\"\" loading=\"lazy\" \/><\/div>\n\t\t<\/div>\n\t<\/div>\n\t<div class=\"vc_btn3-container  wpb_animate_when_almost_visible wpb_appear vc_btn3-center\"><a class=\"vc_general vc_btn3 vc_btn3-size-md vc_btn3-shape-rounded vc_btn3-style-flat vc_btn3-color-primary\" href=\"\/\/topexpert.ro\/wp-content\/uploads\/2022\/01\/WCA-2020-2021.pdf\" title=\"\" target=\"_self\">WCA Zertifikat<\/a><\/div><\/div><\/div><div class=\"wpb_column vc_column_container vc_col-sm-6\"><div class=\"wpb_wrapper\">\n\t<div class=\"wpb_text_column wpb_content_element \">\n\t\t<div class=\"wpb_wrapper\">\n\t\t\t<p style=\"line-height: 14.5pt; background: white; margin: 4.5pt 0cm 4.5pt 0cm;\"><strong><span lang=\"EN-GB\" style=\"font-size: 10.5pt; font-family: 'Helvetica',sans-serif; color: #1d2129;\">WCA Zertifikat <\/span><\/strong><\/p>\n<p style=\"line-height: 14.5pt; background: white; margin: 4.5pt 0cm 4.5pt 0cm;\"><span lang=\"EN-GB\" style=\"font-size: 10.5pt; font-family: 'Helvetica',sans-serif; color: #1d2129;\">Die Bescheinigung eines Mitglieds des BETRVG<br \/>\nBETRVG ist der gr\u00f6\u00dfte und leistungsf\u00e4higste Netzwerk von unabh\u00e4ngigen Spediteur in der Welt, mit \u00fcber 498 B\u00fcros in 189 L\u00e4ndern rund um die Welt.<br \/>\n<\/span><\/p>\n\n\t\t<\/div>\n\t<\/div>\n<\/div><\/div><\/div>\n<hr \/>\n<div class=\"vc_row wpb_row vc_row-fluid\"><div class=\"wpb_column vc_column_container vc_col-sm-6\"><div class=\"wpb_wrapper\">\n\t<div class=\"wpb_single_image wpb_content_element vc_align_left\">\n\t\t<div class=\"wpb_wrapper\">\n\t\t\t\n\t\t\t<div class=\"vc_single_image-wrapper   vc_box_border_grey\"><img width=\"118\" height=\"91\" src=\"https:\/\/topexpert.ro\/wp-content\/uploads\/2016\/09\/ISO9001-and-UKAS.jpg\" class=\"vc_single_image-img attachment-full\" alt=\"\" loading=\"lazy\" \/><\/div>\n\t\t<\/div>\n\t<\/div>\n\t<div class=\"vc_btn3-container  wpb_animate_when_almost_visible wpb_appear vc_btn3-center\"><a class=\"vc_general vc_btn3 vc_btn3-size-md vc_btn3-shape-rounded vc_btn3-style-flat vc_btn3-color-primary\" href=\"\/\/topexpert.ro\/wp-content\/uploads\/2022\/01\/ISO-2019-2022ENG.pdf\" title=\"\" target=\"_self\">ISO 9001 Zertifikat <\/a><\/div><\/div><\/div><div class=\"wpb_column vc_column_container vc_col-sm-6\"><div class=\"wpb_wrapper\">\n\t<div class=\"wpb_text_column wpb_content_element \">\n\t\t<div class=\"wpb_wrapper\">\n\t\t\t<p style=\"line-height: 14.5pt; background: white; margin: 4.5pt 0cm 4.5pt 0cm;\"><strong><span lang=\"EN-GB\" style=\"font-size: 10.5pt; font-family: 'Helvetica',sans-serif; color: #1d2129;\">ISO 9001 Zertifikat <\/span><\/strong><\/p>\n<p style=\"line-height: 14.5pt; background: white; margin: 4.5pt 0cm 4.5pt 0cm;\"><span lang=\"EN-GB\" style=\"font-size: 10.5pt; font-family: 'Helvetica',sans-serif; color: #1d2129;\">ISO 9001\/ 2015 hat im Hinblick auf die Kundenorientierung und die Bewertung der Kundenzufriedenheit und dem Engagement der Gesch\u00e4ftsleitung f\u00fcr eine kontinuierliche Verbesserung.<\/span><\/p>\n\n\t\t<\/div>\n\t<\/div>\n<\/div><\/div><\/div>\n<hr \/>\n<div class=\"vc_row wpb_row vc_row-fluid\"><div class=\"wpb_column vc_column_container vc_col-sm-6\"><div class=\"wpb_wrapper\">\n\t<div class=\"wpb_single_image wpb_content_element vc_align_left\">\n\t\t<div class=\"wpb_wrapper\">\n\t\t\t\n\t\t\t<div class=\"vc_single_image-wrapper   vc_box_border_grey\"><img width=\"250\" height=\"233\" src=\"https:\/\/topexpert.ro\/wp-content\/uploads\/2016\/09\/FIATA-Logo-300dpi.jpg\" class=\"vc_single_image-img attachment-full\" alt=\"\" loading=\"lazy\" \/><\/div>\n\t\t<\/div>\n\t<\/div>\n\t<div class=\"vc_btn3-container  wpb_animate_when_almost_visible wpb_appear vc_btn3-center\"><a class=\"vc_general vc_btn3 vc_btn3-size-md vc_btn3-shape-rounded vc_btn3-style-flat vc_btn3-color-primary\" href=\"\/\/topexpert.ro\/wp-content\/uploads\/2022\/01\/FIATA_2021.pdf\" title=\"\" target=\"_self\">FIATA Zertifikat <\/a><\/div><\/div><\/div><div class=\"wpb_column vc_column_container vc_col-sm-6\"><div class=\"wpb_wrapper\">\n\t<div class=\"wpb_text_column wpb_content_element \">\n\t\t<div class=\"wpb_wrapper\">\n\t\t\t<p style=\"line-height: 14.5pt; background: white; margin: 4.5pt 0cm 4.5pt 0cm;\"><strong><span lang=\"EN-GB\" style=\"font-size: 10.5pt; font-family: 'Helvetica',sans-serif; color: #1d2129;\">FIATA Zertifikat <\/span><\/strong><\/p>\n<p style=\"line-height: 14.5pt; background: white; margin: 4.5pt 0cm 4.5pt 0cm;\"><span lang=\"EN-GB\" style=\"font-size: 10.5pt; font-family: 'Helvetica',sans-serif; color: #1d2129;\">Das Zertifikat der Internationalen F\u00f6deration der Verb\u00e4nde Fiata Spediteure, FIATA stellt eine Industrie, umfasst ca. 40.000 Unternehmen, die Logistik und die H\u00e4user von Expeditionen, mit rund 8 Millionen Besch\u00e4ftigten, die aus 150 L\u00e4ndern.<br \/>\n<\/span><\/p>\n\n\t\t<\/div>\n\t<\/div>\n<\/div><\/div><\/div>\n<hr \/>\n<div class=\"vc_row wpb_row vc_row-fluid\"><div class=\"wpb_column vc_column_container vc_col-sm-6\"><div class=\"wpb_wrapper\">\n\t<div class=\"wpb_single_image wpb_content_element vc_align_left\">\n\t\t<div class=\"wpb_wrapper\">\n\t\t\t\n\t\t\t<div class=\"vc_single_image-wrapper   vc_box_border_grey\"><img class=\"vc_single_image-img \" src=\"https:\/\/topexpert.ro\/wp-content\/uploads\/2016\/11\/licenta-200x200.jpg\" width=\"200\" height=\"200\" alt=\"licenta\" title=\"licenta\" \/><\/div>\n\t\t<\/div>\n\t<\/div>\n\t<div class=\"vc_btn3-container  wpb_animate_when_almost_visible wpb_appear vc_btn3-center\"><a class=\"vc_general vc_btn3 vc_btn3-size-md vc_btn3-shape-rounded vc_btn3-style-flat vc_btn3-color-primary\" href=\"\/\/topexpert.ro\/wp-content\/uploads\/2022\/01\/LICENTA-ARR-2021-2026.pdf\" title=\"\" target=\"_self\">Licenta de Transport<\/a><\/div><\/div><\/div><div class=\"wpb_column vc_column_container vc_col-sm-6\"><div class=\"wpb_wrapper\">\n\t<div class=\"wpb_text_column wpb_content_element \">\n\t\t<div class=\"wpb_wrapper\">\n\t\t\t<p style=\"line-height: 14.5pt; background: white; margin: 4.5pt 0cm 4.5pt 0cm;\"><strong><span lang=\"EN-GB\" style=\"font-size: 10.5pt; font-family: 'Helvetica',sans-serif; color: #1d2129;\">Licenta de Transport<\/span><\/strong><\/p>\n<p style=\"line-height: 14.5pt; background: white; margin: 4.5pt 0cm 4.5pt 0cm;\"><span lang=\"EN-GB\" style=\"font-size: 10.5pt; font-family: 'Helvetica',sans-serif; color: #1d2129;\">Licenta de transport.<br \/>\n<\/span><\/p>\n\n\t\t<\/div>\n\t<\/div>\n<\/div><\/div><\/div>\n<hr \/>\n<div class=\"vc_row wpb_row vc_row-fluid\"><div class=\"wpb_column vc_column_container vc_col-sm-6\"><div class=\"wpb_wrapper\">\n\t<div class=\"wpb_single_image wpb_content_element vc_align_left\">\n\t\t<div class=\"wpb_wrapper\">\n\t\t\t\n\t\t\t<div class=\"vc_single_image-wrapper   vc_box_border_grey\"><img class=\"vc_single_image-img \" src=\"https:\/\/topexpert.ro\/wp-content\/uploads\/2016\/12\/licenta-constanta-200x200.png\" width=\"200\" height=\"200\" alt=\"licenta-constanta\" title=\"licenta-constanta\" \/><\/div>\n\t\t<\/div>\n\t<\/div>\n\t<div class=\"vc_btn3-container  wpb_animate_when_almost_visible wpb_appear vc_btn3-center\"><a class=\"vc_general vc_btn3 vc_btn3-size-md vc_btn3-shape-rounded vc_btn3-style-flat vc_btn3-color-primary\" href=\"\/\/topexpert.ro\/wp-content\/uploads\/2022\/01\/Licenta-de-lucru-Port-2021-2022.pdf\" title=\"\" target=\"_self\">Licenta CNAPM Constanta<\/a><\/div><\/div><\/div><div class=\"wpb_column vc_column_container vc_col-sm-6\"><div class=\"wpb_wrapper\">\n\t<div class=\"wpb_text_column wpb_content_element \">\n\t\t<div class=\"wpb_wrapper\">\n\t\t\t<p style=\"line-height: 14.5pt; background: white; margin: 4.5pt 0cm 4.5pt 0cm;\"><strong><span lang=\"EN-GB\" style=\"font-size: 10.5pt; font-family: 'Helvetica',sans-serif; color: #1d2129;\">Licenta de Transport<\/span><\/strong><\/p>\n<p style=\"line-height: 14.5pt; background: white; margin: 4.5pt 0cm 4.5pt 0cm;\"><span lang=\"EN-GB\" style=\"font-size: 10.5pt; font-family: 'Helvetica',sans-serif; color: #1d2129;\">Licenta CNAPM Constanta<br \/>\n<\/span><\/p>\n\n\t\t<\/div>\n\t<\/div>\n<\/div><\/div><\/div>\n","protected":false},"excerpt":{"rendered":"<p>[vc_row][vc_column width=\"1\/2\"][vc_single_image image=\"1981\" img_size=\"full\"][vc_btn title=\"WCA Zertifikat\" style=\"flat\" color=\"primary\" align=\"center\" css_animation=\"appear\" link=\"url:\/\/topexpert.ro\/wp-content\/uploads\/2016\/11\/wca-r.pdf\"][\/vc_column]&#8230;<\/p>\n","protected":false},"author":1,"featured_media":0,"parent":0,"menu_order":0,"comment_status":"closed","ping_status":"closed","template":"","meta":[],"_links":{"self":[{"href":"https:\/\/topexpert.ro\/de_DE\/wp-json\/wp\/v2\/pages\/1976"}],"collection":[{"href":"https:\/\/topexpert.ro\/de_DE\/wp-json\/wp\/v2\/pages"}],"about":[{"href":"https:\/\/topexpert.ro\/de_DE\/wp-json\/wp\/v2\/types\/page"}],"author":[{"embeddable":true,"href":"https:\/\/topexpert.ro\/de_DE\/wp-json\/wp\/v2\/users\/1"}],"replies":[{"embeddable":true,"href":"https:\/\/topexpert.ro\/de_DE\/wp-json\/wp\/v2\/comments?post=1976"}],"version-history":[{"count":110,"href":"https:\/\/topexpert.ro\/de_DE\/wp-json\/wp\/v2\/pages\/1976\/revisions"}],"predecessor-version":[{"id":2460,"href":"https:\/\/topexpert.ro\/de_DE\/wp-json\/wp\/v2\/pages\/1976\/revisions\/2460"}],"wp:attachment":[{"href":"https:\/\/topexpert.ro\/de_DE\/wp-json\/wp\/v2\/media?parent=1976"}],"curies":[{"name":"wp","href":"https:\/\/api.w.org\/{rel}","templated":true}]}}