{"id":104,"date":"2015-07-30T01:17:19","date_gmt":"2015-07-30T01:17:19","guid":{"rendered":"http:\/\/demo.thimpress.com\/fastex\/?page_id=104"},"modified":"2026-01-29T16:22:58","modified_gmt":"2026-01-29T14:22:58","slug":"about-us","status":"publish","type":"page","link":"https:\/\/topexpert.ro\/it_IT\/about-us\/","title":{"rendered":"Di noi"},"content":{"rendered":"<div class=\"vc_row wpb_row vc_row-fluid vc_custom_1439519479371\"><div class=\"wpb_column vc_column_container vc_col-sm-6 vc_custom_1439008710439\"><div class=\"wpb_wrapper\">\n\t<div class=\"wpb_single_image wpb_content_element vc_align_center  wpb_animate_when_almost_visible wpb_left-to-right\">\n\t\t<div class=\"wpb_wrapper\">\n\t\t\t\n\t\t\t<div class=\"vc_single_image-wrapper   vc_box_border_grey\"><img width=\"800\" height=\"582\" src=\"https:\/\/topexpert.ro\/wp-content\/uploads\/2015\/07\/thor_wii_pack-front.jpg\" class=\"vc_single_image-img attachment-full\" alt=\"\" loading=\"lazy\" srcset=\"https:\/\/topexpert.ro\/wp-content\/uploads\/2015\/07\/thor_wii_pack-front.jpg 800w, https:\/\/topexpert.ro\/wp-content\/uploads\/2015\/07\/thor_wii_pack-front-300x218.jpg 300w, https:\/\/topexpert.ro\/wp-content\/uploads\/2015\/07\/thor_wii_pack-front-768x559.jpg 768w, https:\/\/topexpert.ro\/wp-content\/uploads\/2015\/07\/thor_wii_pack-front-75x55.jpg 75w\" sizes=\"(max-width: 800px) 100vw, 800px\" \/><\/div>\n\t\t<\/div>\n\t<\/div>\n\n\t<div class=\"wpb_single_image wpb_content_element vc_align_left  vc_custom_1457636883282\">\n\t\t<div class=\"wpb_wrapper\">\n\t\t\t\n\t\t\t<div class=\"vc_single_image-wrapper   vc_box_border_grey\"><img width=\"640\" height=\"503\" src=\"https:\/\/topexpert.ro\/wp-content\/uploads\/2015\/07\/despre_noi-1-1024x805.jpg\" class=\"vc_single_image-img attachment-large\" alt=\"\" loading=\"lazy\" srcset=\"https:\/\/topexpert.ro\/wp-content\/uploads\/2015\/07\/despre_noi-1-1024x805.jpg 1024w, https:\/\/topexpert.ro\/wp-content\/uploads\/2015\/07\/despre_noi-1-300x236.jpg 300w, https:\/\/topexpert.ro\/wp-content\/uploads\/2015\/07\/despre_noi-1-768x603.jpg 768w\" sizes=\"(max-width: 640px) 100vw, 640px\" \/><\/div>\n\t\t<\/div>\n\t<\/div>\n<\/div><\/div><div class=\"wpb_column vc_column_container vc_col-sm-6 vc_custom_1439008727207\"><div class=\"wpb_wrapper\"><div class=\"heading  \" >\n\t\t\t<h2 >DI 2003<\/h2>\n\t\t\t<div  style=\"display: block; \"><div class=\"line\" ><\/div><\/div>\n\t\t\t\n\t\t\t\n\t\t<\/div>\n\t<div class=\"wpb_text_column wpb_content_element  wpb_animate_when_almost_visible wpb_right-to-left\">\n\t\t<div class=\"wpb_wrapper\">\n\t\t\t<p>14 anni sul mercato romeno, la societ\u00e0 Top Expert \u00e8 l&#8217;oggetto di una prestazione di trasporto nazionale e internazionale di merci, logistica e sdoganamento per import-export, compresa la preparazione e la presentazione di Intrastat.<\/p>\n<p>GIOCATORE ATTIVO E FORNITORE DI SERVIZI LOGISTICHE E TRASPORTO MERCE<\/p>\n<p>PER TE E I VOSTRI CLIENTI A NIVELLO NAZIONALE E GLOBALE<\/p>\n<p><strong>Punti di forza<\/strong><\/p>\n<ul>\n<li>specializzata competenze e condividere le informazioni specifiche (know-how) accumulato in 14 anni di attivit\u00e0<\/li>\n<\/ul>\n<p><strong>Aree di attivit\u00e0<\/strong><\/p>\n<p>Gestire le attivit\u00e0 di trasporto e logistica di un certo numero di clienti di vari settori:<\/p>\n<ul>\n<li>IT&amp;C, elettronica, elettrodomestici<\/li>\n<li>materiali da costruzione, progettazione interno<\/li>\n<li>ceramiche e articoli sanitari<\/li>\n<li>legno, mobili e accessori<\/li>\n<li>strumenti, macchinari industriali, attrezzature diverse<\/li>\n<li>industria medica, farmaceutica, etc.<\/li>\n<li>Materiali da costruzione, interno<\/li>\n<li>ceramiche e articoli sanitari<\/li>\n<li>legno, mobili e accessori<\/li>\n<li>strumenti, macchinari industriali, attrezzature diverse<\/li>\n<li>industria medica, farmaceutica, etc.<\/li>\n<\/ul>\n<p>Dal 2003, il nostro anno di fondazione, abbiamo costantemente investito in servizi diversificati e di ottimizzazione, a seconda delle esigenze e delle richieste dei nostri clienti.<\/p>\n<p>La <strong>nostra missione <\/strong>\u00e8 di fornire ai nostri clienti soluzioni ottimali per il trasporto e la logistica, per garantire che ogni passo dei servizi avviene ad elevati standard di qualit\u00e0 e precisione.<\/p>\n<p>La <strong>nostra visione<\/strong>. Vogliamo diventare uno dei principali fornitori di logistica in Romania e di sviluppare una rete logistica a livello globale.<\/p>\n<p>Carte vincenti che ci supportano nel raggiungimento di questo obiettivo sono i continui investimenti che stiamo facendo, l&#8217;impegno per la qualit\u00e0, l&#8217;affidabilit\u00e0 nei rapporti di partnership e flessibilit\u00e0 nell&#8217;affrontare progetti, a seconda delle specifiche esigenze del cliente.<\/p>\n<p>I <strong>nostri valori.<\/strong> I valori che ci guidano nelle nostre attivit\u00e0 quotidiane sono le prestazioni, l&#8217;integrit\u00e0 e la professionalit\u00e0.<\/p>\n<p>Le <strong>nostre certificazioni<\/strong>. Elevati standard qualitativi a cui si capisce di mettere in relazione alle nostre attivit\u00e0 quotidiane sono evidenziati dal sistema di gestione della qualit\u00e0 che abbiamo sviluppato e implementato &#8211; ISO 9001: 2000.<\/p>\n<p>Inoltre, Top Expert \u00e8 un membro della Camera di Commercio e Industria di Romania, la Compagnia di Navigazione Unione in Romania ed \u00e8 autorizzato dall&#8217;Autorit\u00e0 Strada Rumeno.<\/p>\n<p>La <strong>nostra squadra<\/strong>. Il nostro valore dell&#8217;azienda \u00e8 dato, in primo luogo, la qualit\u00e0 della squadra che lo compongono. Siamo orgogliosi della nostra squadra che ha imparato alla perfezione le caratteristiche specifiche dell&#8217;atto. Assegnammo risorse permanenti per la formazione e la specializzazione dei nostri colleghi, per aumentare costantemente la qualit\u00e0 del servizio al cliente.<\/p>\n\n\t\t<\/div>\n\t<\/div>\n<\/div><\/div><\/div><div data-vc-full-width=\"true\" data-vc-full-width-init=\"false\" data-vc-stretch-content=\"true\" data-vc-parallax=\"1.5\" data-vc-parallax-o-fade=\"on\" data-vc-parallax-image=\"\" class=\"vc_row wpb_row vc_row-fluid vc_custom_1439902393916 vc_row-no-padding vc_general vc_parallax vc_parallax-content-moving-fade js-vc_parallax-o-fade\"><div class=\"wpb_column vc_column_container vc_col-sm-2\"><div class=\"wpb_wrapper\"><\/div><\/div><div class=\"wpb_column vc_column_container vc_col-sm-2\"><div class=\"wpb_wrapper\"><div class=\"circle circle1\" style = background-color:#006fb2; >\n\t\t\t<div class=\"content\">\n\t\t\t\t<div class=\"number\" style = color:#ddea2e; ><span class=\"counter-up\" data-number=\"9001\">0<\/span><\/div>\n\t\t\t\t<div class=\"text\" style = color:#ffffff; >certificazioni 9001:2000<\/div>\n\t\t\t<\/div>\n\t\t<\/div><\/div><\/div><div class=\"wpb_column vc_column_container vc_col-sm-2 vc_custom_1457904576439\"><div class=\"wpb_wrapper\"><div class=\"circle circle2\" style = background-color:#006fb2; >\n\t\t\t<div class=\"content\">\n\t\t\t\t<div class=\"number\" style = color:#ddea2e; ><span class=\"counter-up\" data-number=\"1523\">0<\/span><\/div>\n\t\t\t\t<div class=\"text\" style = color:#ffffff; >Clienti soddisfatti<\/div>\n\t\t\t<\/div>\n\t\t<\/div><\/div><\/div><div class=\"wpb_column vc_column_container vc_col-sm-2\"><div class=\"wpb_wrapper\"><div class=\"circle circle3\" style = background-color:#006fb2; >\n\t\t\t<div class=\"content\">\n\t\t\t\t<div class=\"number\" style = color:#ddea2e; ><span class=\"counter-up\" data-number=\"14\">0<\/span><\/div>\n\t\t\t\t<div class=\"text\" style = color:#ffffff; >Anni di esperienza<\/div>\n\t\t\t<\/div>\n\t\t<\/div><\/div><\/div><\/div><div class=\"vc_row-full-width\"><\/div><div class=\"vc_row wpb_row vc_row-fluid vc_custom_1439629395368\"><div class=\"wpb_column vc_column_container vc_col-sm-12\"><div class=\"wpb_wrapper\"><div class=\"heading  \" >\n\t\t\t<h2 >COLEGII NOSTRI<\/h2>\n\t\t\t<div  style=\"display: block; \"><div class=\"line\" ><\/div><\/div>\n\t\t\t\n\t\t\t\n\t\t<\/div><div class=\"vc_row wpb_row vc_inner vc_row-fluid vc_custom_1439629402862\"><div class=\"wrapper-lists-our-team  wpb_animate_when_almost_visible wpb_appear \"><ul><li class=\"col-sm-3\"><div class=\"content-list-our-team\"><div class=\"our-team-image\"><div class=\"wrap-image bg-color-primary\"><img width=\"1600\" height=\"1200\" src=\"https:\/\/topexpert.ro\/wp-content\/uploads\/revslider\/home-01\/demo_image.jpg\" class=\"attachment-our_team size-our_team\" alt=\"Michel Black\" loading=\"lazy\" title=\"Michel Black\" srcset=\"https:\/\/topexpert.ro\/wp-content\/uploads\/revslider\/home-01\/demo_image.jpg 1600w, https:\/\/topexpert.ro\/wp-content\/uploads\/revslider\/home-01\/demo_image-300x225.jpg 300w, https:\/\/topexpert.ro\/wp-content\/uploads\/revslider\/home-01\/demo_image-768x576.jpg 768w, https:\/\/topexpert.ro\/wp-content\/uploads\/revslider\/home-01\/demo_image-1024x768.jpg 1024w, https:\/\/topexpert.ro\/wp-content\/uploads\/revslider\/home-01\/demo_image-75x56.jpg 75w\" sizes=\"(max-width: 1600px) 100vw, 1600px\" \/><\/div><\/div><div class=\"content-team\">\n\t\t\t\t\t\t\t\t<h4>Michel Black<\/h4><div class = \"regency\">CEO<\/div><\/a><\/div><div class=\"clear\"><\/div><\/div><\/li><li class=\"col-sm-3\"><div class=\"content-list-our-team\"><div class=\"our-team-image\"><div class=\"wrap-image bg-color-primary\"><img width=\"1600\" height=\"1200\" src=\"https:\/\/topexpert.ro\/wp-content\/uploads\/revslider\/home-01\/demo_image.jpg\" class=\"attachment-our_team size-our_team\" alt=\"David Moyer\" loading=\"lazy\" title=\"David Moyer\" srcset=\"https:\/\/topexpert.ro\/wp-content\/uploads\/revslider\/home-01\/demo_image.jpg 1600w, https:\/\/topexpert.ro\/wp-content\/uploads\/revslider\/home-01\/demo_image-300x225.jpg 300w, https:\/\/topexpert.ro\/wp-content\/uploads\/revslider\/home-01\/demo_image-768x576.jpg 768w, https:\/\/topexpert.ro\/wp-content\/uploads\/revslider\/home-01\/demo_image-1024x768.jpg 1024w, https:\/\/topexpert.ro\/wp-content\/uploads\/revslider\/home-01\/demo_image-75x56.jpg 75w\" sizes=\"(max-width: 1600px) 100vw, 1600px\" \/><\/div><\/div><div class=\"content-team\">\n\t\t\t\t\t\t\t\t<h4>David Moyer<\/h4><div class = \"regency\">COO & Consultant<\/div><\/a><\/div><div class=\"clear\"><\/div><\/div><\/li><li class=\"col-sm-3\"><div class=\"content-list-our-team\"><div class=\"our-team-image\"><div class=\"wrap-image bg-color-primary\"><img width=\"1600\" height=\"1200\" src=\"https:\/\/topexpert.ro\/wp-content\/uploads\/revslider\/home-01\/demo_image.jpg\" class=\"attachment-our_team size-our_team\" alt=\"Penadol Torret\" loading=\"lazy\" title=\"Penadol Torret\" srcset=\"https:\/\/topexpert.ro\/wp-content\/uploads\/revslider\/home-01\/demo_image.jpg 1600w, https:\/\/topexpert.ro\/wp-content\/uploads\/revslider\/home-01\/demo_image-300x225.jpg 300w, https:\/\/topexpert.ro\/wp-content\/uploads\/revslider\/home-01\/demo_image-768x576.jpg 768w, https:\/\/topexpert.ro\/wp-content\/uploads\/revslider\/home-01\/demo_image-1024x768.jpg 1024w, https:\/\/topexpert.ro\/wp-content\/uploads\/revslider\/home-01\/demo_image-75x56.jpg 75w\" sizes=\"(max-width: 1600px) 100vw, 1600px\" \/><\/div><\/div><div class=\"content-team\">\n\t\t\t\t\t\t\t\t<h4>Penadol Torret<\/h4><div class = \"regency\">CTO<\/div><\/a><\/div><div class=\"clear\"><\/div><\/div><\/li><li class=\"col-sm-3\"><div class=\"content-list-our-team\"><div class=\"our-team-image\"><div class=\"wrap-image bg-color-primary\"><img width=\"1600\" height=\"1200\" src=\"https:\/\/topexpert.ro\/wp-content\/uploads\/revslider\/home-01\/demo_image.jpg\" class=\"attachment-our_team size-our_team\" alt=\"Tammy Daniel\" loading=\"lazy\" title=\"Tammy Daniel\" srcset=\"https:\/\/topexpert.ro\/wp-content\/uploads\/revslider\/home-01\/demo_image.jpg 1600w, https:\/\/topexpert.ro\/wp-content\/uploads\/revslider\/home-01\/demo_image-300x225.jpg 300w, https:\/\/topexpert.ro\/wp-content\/uploads\/revslider\/home-01\/demo_image-768x576.jpg 768w, https:\/\/topexpert.ro\/wp-content\/uploads\/revslider\/home-01\/demo_image-1024x768.jpg 1024w, https:\/\/topexpert.ro\/wp-content\/uploads\/revslider\/home-01\/demo_image-75x56.jpg 75w\" sizes=\"(max-width: 1600px) 100vw, 1600px\" \/><\/div><\/div><div class=\"content-team\">\n\t\t\t\t\t\t\t\t<h4>Tammy Daniel<\/h4><div class = \"regency\">Photographer<\/div><\/a><\/div><div class=\"clear\"><\/div><\/div><\/li><li class=\"col-sm-3\"><div class=\"content-list-our-team\"><div class=\"our-team-image\"><div class=\"wrap-image bg-color-primary\"><img width=\"1600\" height=\"1200\" src=\"https:\/\/topexpert.ro\/wp-content\/uploads\/revslider\/home-01\/demo_image.jpg\" class=\"attachment-our_team size-our_team\" alt=\"Andrew Paul\" loading=\"lazy\" title=\"Andrew Paul\" srcset=\"https:\/\/topexpert.ro\/wp-content\/uploads\/revslider\/home-01\/demo_image.jpg 1600w, https:\/\/topexpert.ro\/wp-content\/uploads\/revslider\/home-01\/demo_image-300x225.jpg 300w, https:\/\/topexpert.ro\/wp-content\/uploads\/revslider\/home-01\/demo_image-768x576.jpg 768w, https:\/\/topexpert.ro\/wp-content\/uploads\/revslider\/home-01\/demo_image-1024x768.jpg 1024w, https:\/\/topexpert.ro\/wp-content\/uploads\/revslider\/home-01\/demo_image-75x56.jpg 75w\" sizes=\"(max-width: 1600px) 100vw, 1600px\" \/><\/div><\/div><div class=\"content-team\">\n\t\t\t\t\t\t\t\t<h4>Andrew Paul<\/h4><div class = \"regency\">HR Manager<\/div><\/a><\/div><div class=\"clear\"><\/div><\/div><\/li><li class=\"col-sm-3\"><div class=\"content-list-our-team\"><div class=\"our-team-image\"><div class=\"wrap-image bg-color-primary\"><img width=\"1600\" height=\"1200\" src=\"https:\/\/topexpert.ro\/wp-content\/uploads\/revslider\/home-01\/demo_image.jpg\" class=\"attachment-our_team size-our_team\" alt=\"Linda Sara\" loading=\"lazy\" title=\"Linda Sara\" srcset=\"https:\/\/topexpert.ro\/wp-content\/uploads\/revslider\/home-01\/demo_image.jpg 1600w, https:\/\/topexpert.ro\/wp-content\/uploads\/revslider\/home-01\/demo_image-300x225.jpg 300w, https:\/\/topexpert.ro\/wp-content\/uploads\/revslider\/home-01\/demo_image-768x576.jpg 768w, https:\/\/topexpert.ro\/wp-content\/uploads\/revslider\/home-01\/demo_image-1024x768.jpg 1024w, https:\/\/topexpert.ro\/wp-content\/uploads\/revslider\/home-01\/demo_image-75x56.jpg 75w\" sizes=\"(max-width: 1600px) 100vw, 1600px\" \/><\/div><\/div><div class=\"content-team\">\n\t\t\t\t\t\t\t\t<h4>Linda Sara<\/h4><div class = \"regency\">Board Member<\/div><\/a><\/div><div class=\"clear\"><\/div><\/div><\/li><li class=\"col-sm-3\"><div class=\"content-list-our-team\"><div class=\"our-team-image\"><div class=\"wrap-image bg-color-primary\"><img width=\"1600\" height=\"1200\" src=\"https:\/\/topexpert.ro\/wp-content\/uploads\/revslider\/home-01\/demo_image.jpg\" class=\"attachment-our_team size-our_team\" alt=\"Michen Weang\" loading=\"lazy\" title=\"Michen Weang\" srcset=\"https:\/\/topexpert.ro\/wp-content\/uploads\/revslider\/home-01\/demo_image.jpg 1600w, https:\/\/topexpert.ro\/wp-content\/uploads\/revslider\/home-01\/demo_image-300x225.jpg 300w, https:\/\/topexpert.ro\/wp-content\/uploads\/revslider\/home-01\/demo_image-768x576.jpg 768w, https:\/\/topexpert.ro\/wp-content\/uploads\/revslider\/home-01\/demo_image-1024x768.jpg 1024w, https:\/\/topexpert.ro\/wp-content\/uploads\/revslider\/home-01\/demo_image-75x56.jpg 75w\" sizes=\"(max-width: 1600px) 100vw, 1600px\" \/><\/div><\/div><div class=\"content-team\">\n\t\t\t\t\t\t\t\t<h4>Michen Weang<\/h4><div class = \"regency\">Sales Manager<\/div><\/a><\/div><div class=\"clear\"><\/div><\/div><\/li><li class=\"col-sm-3\"><div class=\"content-list-our-team\"><div class=\"our-team-image\"><div class=\"wrap-image bg-color-primary\"><img width=\"1600\" height=\"1200\" src=\"https:\/\/topexpert.ro\/wp-content\/uploads\/revslider\/home-01\/demo_image.jpg\" class=\"attachment-our_team size-our_team\" alt=\"Tammy Daniel\" loading=\"lazy\" title=\"Tammy Daniel\" srcset=\"https:\/\/topexpert.ro\/wp-content\/uploads\/revslider\/home-01\/demo_image.jpg 1600w, https:\/\/topexpert.ro\/wp-content\/uploads\/revslider\/home-01\/demo_image-300x225.jpg 300w, https:\/\/topexpert.ro\/wp-content\/uploads\/revslider\/home-01\/demo_image-768x576.jpg 768w, https:\/\/topexpert.ro\/wp-content\/uploads\/revslider\/home-01\/demo_image-1024x768.jpg 1024w, https:\/\/topexpert.ro\/wp-content\/uploads\/revslider\/home-01\/demo_image-75x56.jpg 75w\" sizes=\"(max-width: 1600px) 100vw, 1600px\" \/><\/div><\/div><div class=\"content-team\">\n\t\t\t\t\t\t\t\t<h4>Tammy Daniel<\/h4><div class = \"regency\">Designer<\/div><\/a><\/div><div class=\"clear\"><\/div><\/div><\/li><\/ul><\/div><div class=\"wpb_column vc_column_container vc_col-sm-12 vc_custom_1456695114803\"><div class=\"wpb_wrapper\"><\/div><\/div><\/div><\/div><\/div><\/div>\n","protected":false},"excerpt":{"rendered":"<p>[vc_row css=\".vc_custom_1439519479371{margin-bottom: 100px !important;padding-top: 60px !important;}\"][vc_column width=&#8221;1\/2&#8243; css=&#8221;.vc_custom_1439008710439{padding-top: 88px !important;padding-right: 15px !important;padding-left: 15px !important;}&#8221;&#8230;<\/p>\n","protected":false},"author":1,"featured_media":0,"parent":0,"menu_order":0,"comment_status":"open","ping_status":"open","template":"page-templates\/vc-template.php","meta":[],"_links":{"self":[{"href":"https:\/\/topexpert.ro\/it_IT\/wp-json\/wp\/v2\/pages\/104"}],"collection":[{"href":"https:\/\/topexpert.ro\/it_IT\/wp-json\/wp\/v2\/pages"}],"about":[{"href":"https:\/\/topexpert.ro\/it_IT\/wp-json\/wp\/v2\/types\/page"}],"author":[{"embeddable":true,"href":"https:\/\/topexpert.ro\/it_IT\/wp-json\/wp\/v2\/users\/1"}],"replies":[{"embeddable":true,"href":"https:\/\/topexpert.ro\/it_IT\/wp-json\/wp\/v2\/comments?post=104"}],"version-history":[{"count":42,"href":"https:\/\/topexpert.ro\/it_IT\/wp-json\/wp\/v2\/pages\/104\/revisions"}],"predecessor-version":[{"id":2507,"href":"https:\/\/topexpert.ro\/it_IT\/wp-json\/wp\/v2\/pages\/104\/revisions\/2507"}],"wp:attachment":[{"href":"https:\/\/topexpert.ro\/it_IT\/wp-json\/wp\/v2\/media?parent=104"}],"curies":[{"name":"wp","href":"https:\/\/api.w.org\/{rel}","templated":true}]}}