{"id":1524,"date":"2016-02-28T22:07:52","date_gmt":"2016-02-28T20:07:52","guid":{"rendered":"http:\/\/topexpert.ro\/?page_id=1524"},"modified":"2021-02-12T15:52:01","modified_gmt":"2021-02-12T13:52:01","slug":"intrastat-formalitati-vamale","status":"publish","type":"page","link":"https:\/\/topexpert.ro\/it_IT\/intrastat-formalitati-vamale\/","title":{"rendered":"Intrastat. Operazioni di sdoganamento"},"content":{"rendered":"<div class=\"vc_row wpb_row vc_row-fluid\"><div class=\"wpb_column vc_column_container vc_col-sm-12\"><div class=\"wpb_wrapper\">\n\t<div class=\"wpb_text_column wpb_content_element \">\n\t\t<div class=\"wpb_wrapper\">\n\t\t\t<h2>1. INTRASTAT<\/h2>\n<p>Sistema Intrastat \u00e8 diventato partenza operativa il 1\u00b0 gennaio 2007, quando Romania ha aderito all&#8217;Unione europea. Dichiarazione statistica INTRASTAT si completa con tutti gli operatori economici i cui arrivi e \/ o dispacci da \/ per gli stati membri dell&#8217;UE superi le soglie fissate per l&#8217;anno di riferimento.<\/p>\n<p>Data la dichiarazione obbligatoria e multe in caso di irregolarit\u00e0, gestiamo la preparazione e la trasmissione di INTRASTAT rendimenti per i nostri clienti. Tutti i documenti e le informazioni necessarie sono trattati da specialisti con esperienza e buona conoscenza della legislazione.<\/p>\n<h2>\n2. OPERAZIONI DI SDOGANAMENTO<\/h2>\n<p>Per tutte le operazioni extra-commerciali, la nostra azienda offre consulenza doganale e di rappresentanza in qualsiasi ufficio doganale in Romania. Cos\u00ec, prendiamo pi\u00f9 e preparare la documentazione necessaria in conformit\u00e0 con la legge, ad effettuare operazioni di sdoganamento per le importazioni, le esportazioni, permanenti o temporanee, e facilitare l&#8217;accesso ai magazzini e depositi di sdoganamento.<\/p>\n\n\t\t<\/div>\n\t<\/div>\n\t<div class=\"vc_btn3-container  wpb_animate_when_almost_visible wpb_appear vc_btn3-center\"><a class=\"vc_general vc_btn3 vc_btn3-size-md vc_btn3-shape-rounded vc_btn3-style-flat vc_btn3-color-primary\" href=\"\/solicitare-online\/\" title=\"\" target=\"_self\">Richiedi questo servizio adesso<\/a><\/div><\/div><\/div><\/div>\n","protected":false},"excerpt":{"rendered":"<p>[vc_row][vc_column][vc_column_text]<\/p>\n<h2>1. INTRASTAT<\/h2>\n<p>\nSistema Intrastat \u00e8 diventato partenza operativa il 1\u00b0 gennaio 2007, quando Romania ha aderito all&#8217;Unione europea. Dichiarazione statistica INTRASTAT si completa con tutti gli operat&#8230;<\/p>\n","protected":false},"author":1,"featured_media":0,"parent":0,"menu_order":0,"comment_status":"closed","ping_status":"closed","template":"","meta":[],"_links":{"self":[{"href":"https:\/\/topexpert.ro\/it_IT\/wp-json\/wp\/v2\/pages\/1524"}],"collection":[{"href":"https:\/\/topexpert.ro\/it_IT\/wp-json\/wp\/v2\/pages"}],"about":[{"href":"https:\/\/topexpert.ro\/it_IT\/wp-json\/wp\/v2\/types\/page"}],"author":[{"embeddable":true,"href":"https:\/\/topexpert.ro\/it_IT\/wp-json\/wp\/v2\/users\/1"}],"replies":[{"embeddable":true,"href":"https:\/\/topexpert.ro\/it_IT\/wp-json\/wp\/v2\/comments?post=1524"}],"version-history":[{"count":26,"href":"https:\/\/topexpert.ro\/it_IT\/wp-json\/wp\/v2\/pages\/1524\/revisions"}],"predecessor-version":[{"id":2184,"href":"https:\/\/topexpert.ro\/it_IT\/wp-json\/wp\/v2\/pages\/1524\/revisions\/2184"}],"wp:attachment":[{"href":"https:\/\/topexpert.ro\/it_IT\/wp-json\/wp\/v2\/media?parent=1524"}],"curies":[{"name":"wp","href":"https:\/\/api.w.org\/{rel}","templated":true}]}}